{"id":97,"date":"2021-05-10T12:46:28","date_gmt":"2021-05-10T10:46:28","guid":{"rendered":"https:\/\/fjos.sinomedia.se\/?page_id=97"},"modified":"2021-05-10T12:46:28","modified_gmt":"2021-05-10T10:46:28","slug":"balrivare","status":"publish","type":"page","link":"https:\/\/www.fjossystem.se\/?page_id=97","title":{"rendered":"SECCO Iso Cell Naturlig ventilation"},"content":{"rendered":"<p>[et_pb_section fb_built=&#8221;1&#8243; _builder_version=&#8221;4.9.2&#8243; _module_preset=&#8221;default&#8221;][et_pb_row _builder_version=&#8221;4.9.2&#8243; _module_preset=&#8221;default&#8221;][et_pb_column type=&#8221;4_4&#8243; _builder_version=&#8221;4.9.2&#8243; _module_preset=&#8221;default&#8221;][et_pb_text _builder_version=&#8221;4.9.4&#8243; _module_preset=&#8221;default&#8221; custom_margin=&#8221;||8px||false|false&#8221; animation_style=&#8221;slide&#8221; animation_direction=&#8221;left&#8221;]<\/p>\n<h1><span>SECCO Iso Cell Naturlig ventilation<\/span><\/h1>\n<p>[\/et_pb_text][et_pb_divider color=&#8221;#8a1802&#8243; divider_weight=&#8221;2px&#8221; _builder_version=&#8221;4.9.2&#8243; _module_preset=&#8221;default&#8221; width=&#8221;24%&#8221; custom_margin=&#8221;0px||||false|false&#8221; custom_padding=&#8221;0px||||false|false&#8221;][\/et_pb_divider][\/et_pb_column][\/et_pb_row][et_pb_row column_structure=&#8221;3_5,2_5&#8243; _builder_version=&#8221;4.9.2&#8243; _module_preset=&#8221;default&#8221;][et_pb_column type=&#8221;3_5&#8243; _builder_version=&#8221;4.9.2&#8243; _module_preset=&#8221;default&#8221;][et_pb_image src=&#8221;http:\/\/www.fjossystem.se\/wp-content\/uploads\/2021\/06\/2020-11-20-12.02.58.jpg&#8221; title_text=&#8221;binary comment&#8221; _builder_version=&#8221;4.9.6&#8243; _module_preset=&#8221;default&#8221; border_radii=&#8221;on|2px|2px|2px|2px&#8221;][\/et_pb_image][\/et_pb_column][et_pb_column type=&#8221;2_5&#8243; _builder_version=&#8221;4.9.2&#8243; _module_preset=&#8221;default&#8221;][et_pb_text _builder_version=&#8221;4.9.4&#8243; _module_preset=&#8221;default&#8221; animation_style=&#8221;slide&#8221; animation_direction=&#8221;right&#8221;]<\/p>\n<h2><strong>Isocell<\/strong><\/h2>\n<p>[\/et_pb_text][et_pb_text _builder_version=&#8221;4.9.6&#8243; _module_preset=&#8221;default&#8221; animation_style=&#8221;slide&#8221; animation_direction=&#8221;bottom&#8221; hover_enabled=&#8221;0&#8243; sticky_enabled=&#8221;0&#8243;]<\/p>\n<p><span>IsoCell fr\u00e5n Secco \u00e4r ett tyst, kontrollerat ventilationssystem f\u00f6r naturlig ventilation. <\/span><\/p>\n<p>IsoCell-V\u00e4ggarna fungerar som 10cm isolering n\u00e4r de \u00e4r st\u00e4ngda. V\u00e4ggarna \u00e4r gjorda av stark transparent plast som \u00e4r fylld med luft.<\/p>\n<p>V\u00e4ggarna sl\u00e4pper in mycket ljus, vilket \u00e4r mycket viktigt f\u00f6r optimal mj\u00f6lkproduktion.<\/p>\n<p>[\/et_pb_text][\/et_pb_column][\/et_pb_row][et_pb_row _builder_version=&#8221;4.9.2&#8243; _module_preset=&#8221;default&#8221;][et_pb_column type=&#8221;4_4&#8243; _builder_version=&#8221;4.9.2&#8243; _module_preset=&#8221;default&#8221;][et_pb_text _builder_version=&#8221;4.9.4&#8243; _module_preset=&#8221;default&#8221; animation_style=&#8221;slide&#8221; animation_direction=&#8221;bottom&#8221;]<\/p>\n<p><span>Ventilationen styr genom att v\u00e4ggarna h\u00f6js eller s\u00e4nks ned.<\/span><\/p>\n<p><span>I taket placeras skorstenar som sl\u00e4pper ut luften, antalet skorstenar best\u00e4ms utifr\u00e5n storleken p\u00e5 byggnaden samt antalet djur.<br \/><\/span><\/p>\n<p><span>En vind- och regnsensor s\u00e4kerst\u00e4ller snabb \u00f6ppning och st\u00e4ngning vid behov.<\/span><\/p>\n<p>[\/et_pb_text][\/et_pb_column][\/et_pb_row][et_pb_row _builder_version=&#8221;4.9.2&#8243; _module_preset=&#8221;default&#8221;][et_pb_column type=&#8221;4_4&#8243; _builder_version=&#8221;4.9.2&#8243; _module_preset=&#8221;default&#8221;][et_pb_gallery gallery_ids=&#8221;372,371&#8243; fullwidth=&#8221;on&#8221; _builder_version=&#8221;4.9.6&#8243; _module_preset=&#8221;default&#8221; pagination_text_color=&#8221;#FFFFFF&#8221; background_layout=&#8221;dark&#8221; max_width=&#8221;66%&#8221; max_width_tablet=&#8221;80%&#8221; max_width_phone=&#8221;95%&#8221; max_width_last_edited=&#8221;on|phone&#8221; module_alignment=&#8221;center&#8221; animation_style=&#8221;zoom&#8221; border_radii=&#8221;on|2px|2px|2px|2px&#8221;][\/et_pb_gallery][\/et_pb_column][\/et_pb_row][\/et_pb_section]<\/p>\n","protected":false},"excerpt":{"rendered":"<p>SECCO Iso Cell Naturlig ventilationIsocellIsoCell fr\u00e5n Secco \u00e4r ett tyst, kontrollerat ventilationssystem f\u00f6r naturlig ventilation. IsoCell-V\u00e4ggarna fungerar som 10cm isolering n\u00e4r de \u00e4r st\u00e4ngda. V\u00e4ggarna \u00e4r gjorda av stark transparent plast som \u00e4r fylld med luft. V\u00e4ggarna sl\u00e4pper in mycket ljus, vilket \u00e4r mycket viktigt f\u00f6r optimal mj\u00f6lkproduktion.Ventilationen styr genom att v\u00e4ggarna h\u00f6js eller s\u00e4nks [&hellip;]<\/p>\n","protected":false},"author":1,"featured_media":0,"parent":0,"menu_order":0,"comment_status":"closed","ping_status":"closed","template":"","meta":{"_et_pb_use_builder":"on","_et_pb_old_content":"","_et_gb_content_width":"","footnotes":""},"class_list":["post-97","page","type-page","status-publish","hentry"],"_links":{"self":[{"href":"https:\/\/www.fjossystem.se\/index.php?rest_route=\/wp\/v2\/pages\/97","targetHints":{"allow":["GET"]}}],"collection":[{"href":"https:\/\/www.fjossystem.se\/index.php?rest_route=\/wp\/v2\/pages"}],"about":[{"href":"https:\/\/www.fjossystem.se\/index.php?rest_route=\/wp\/v2\/types\/page"}],"author":[{"embeddable":true,"href":"https:\/\/www.fjossystem.se\/index.php?rest_route=\/wp\/v2\/users\/1"}],"replies":[{"embeddable":true,"href":"https:\/\/www.fjossystem.se\/index.php?rest_route=%2Fwp%2Fv2%2Fcomments&post=97"}],"version-history":[{"count":0,"href":"https:\/\/www.fjossystem.se\/index.php?rest_route=\/wp\/v2\/pages\/97\/revisions"}],"wp:attachment":[{"href":"https:\/\/www.fjossystem.se\/index.php?rest_route=%2Fwp%2Fv2%2Fmedia&parent=97"}],"curies":[{"name":"wp","href":"https:\/\/api.w.org\/{rel}","templated":true}]}}