{"id":85,"date":"2021-05-10T12:36:55","date_gmt":"2021-05-10T10:36:55","guid":{"rendered":"https:\/\/fjos.sinomedia.se\/?page_id=85"},"modified":"2021-05-10T12:36:55","modified_gmt":"2021-05-10T10:36:55","slug":"kraftfodersilos","status":"publish","type":"page","link":"https:\/\/www.fjossystem.se\/?page_id=85","title":{"rendered":"Kraftfodersilos"},"content":{"rendered":"<p>[et_pb_section fb_built=&#8221;1&#8243; _builder_version=&#8221;4.9.2&#8243; _module_preset=&#8221;default&#8221;][et_pb_row _builder_version=&#8221;4.9.2&#8243; _module_preset=&#8221;default&#8221;][et_pb_column type=&#8221;4_4&#8243; _builder_version=&#8221;4.9.2&#8243; _module_preset=&#8221;default&#8221;][et_pb_text _builder_version=&#8221;4.9.4&#8243; _module_preset=&#8221;default&#8221; custom_margin=&#8221;||8px||false|false&#8221; animation_style=&#8221;slide&#8221; animation_direction=&#8221;left&#8221;]<\/p>\n<h1><span>Kraftfodersilos<\/span><\/h1>\n<p>[\/et_pb_text][et_pb_divider color=&#8221;#8a1802&#8243; divider_weight=&#8221;2px&#8221; _builder_version=&#8221;4.9.2&#8243; _module_preset=&#8221;default&#8221; width=&#8221;24%&#8221; custom_margin=&#8221;0px||||false|false&#8221; custom_padding=&#8221;0px||||false|false&#8221;][\/et_pb_divider][\/et_pb_column][\/et_pb_row][et_pb_row column_structure=&#8221;3_5,2_5&#8243; _builder_version=&#8221;4.9.2&#8243; _module_preset=&#8221;default&#8221;][et_pb_column type=&#8221;3_5&#8243; _builder_version=&#8221;4.9.2&#8243; _module_preset=&#8221;default&#8221;][et_pb_image src=&#8221;http:\/\/www.fjossystem.se\/wp-content\/uploads\/2021\/06\/20200110_103727_HDR-1.jpg&#8221; title_text=&#8221;20200110_103727_HDR 1&#8243; _builder_version=&#8221;4.9.6&#8243; _module_preset=&#8221;default&#8221; border_radii=&#8221;on|2px|2px|2px|2px&#8221;][\/et_pb_image][\/et_pb_column][et_pb_column type=&#8221;2_5&#8243; _builder_version=&#8221;4.9.2&#8243; _module_preset=&#8221;default&#8221;][et_pb_text _builder_version=&#8221;4.9.4&#8243; _module_preset=&#8221;default&#8221; animation_style=&#8221;slide&#8221; animation_direction=&#8221;right&#8221;]<\/p>\n<h2><strong>Fodersilos f\u00f6r dina behov<\/h2>\n<p>[\/et_pb_text][et_pb_text _builder_version=&#8221;4.9.6&#8243; _module_preset=&#8221;default&#8221; text_font=&#8221;||||||||&#8221; animation_style=&#8221;slide&#8221; animation_direction=&#8221;bottom&#8221; hover_enabled=&#8221;0&#8243; sticky_enabled=&#8221;0&#8243;]<\/p>\n<p><span>I modern djurproduktion finns det ett behov av att anv\u00e4nda olika typer av foder\u00a0 f\u00f6r att uppn\u00e5 b\u00e4sta produktionsresultat. Detta kr\u00e4ver vanligtvis att du har tv\u00e5 eller flera fodersilos p\u00e5 g\u00e5rden.<\/span><\/p>\n<p><span> Fj\u00f6ssystem har b\u00e5de silos i duk och glasfiber i olika storlekar- med kort leveranstid. St\u00e5lsilo kan levereras p\u00e5 best\u00e4llning.<\/span><\/p>\n<p>[\/et_pb_text][\/et_pb_column][\/et_pb_row][et_pb_row _builder_version=&#8221;4.9.2&#8243; _module_preset=&#8221;default&#8221;][et_pb_column type=&#8221;4_4&#8243; _builder_version=&#8221;4.9.2&#8243; _module_preset=&#8221;default&#8221;][et_pb_text _builder_version=&#8221;4.9.6&#8243; _module_preset=&#8221;default&#8221; animation_style=&#8221;slide&#8221; animation_direction=&#8221;bottom&#8221; hover_enabled=&#8221;0&#8243; sticky_enabled=&#8221;0&#8243;]<\/p>\n<p>Silos av glasfiber<br \/>Fj\u00f6ssystems silo i glasfiber levereras med inspektionslucka och cyklon som standard. Dessutom har silorna en vertikal rand l\u00e4ngs sidan som indikerar niv\u00e5n i silon. Vi har glasfibersilos i storlekarna 8m\u1d4c, 12,5m\u1d4c, 20m\u1d4c, 26m\u1d4c och 31m\u1d4c med kort leveranstid, men kan leverera andra storlekar som best\u00e4llningsvara. Silorna \u00e4r tillverkade av robust glasfibermaterial &#8211; och levereras f\u00e4rdigmonterade. Silorna placeras p\u00e5 en armerad betongplatta och bultas vid leverans. Mont\u00f6rerna ansluter motor \/ skruvbox och matningsskruvar i ladug\u00e5rden.<\/p>\n<p>[\/et_pb_text][et_pb_text _builder_version=&#8221;4.9.4&#8243; _module_preset=&#8221;default&#8221; animation_style=&#8221;slide&#8221; animation_direction=&#8221;bottom&#8221;]<\/p>\n<p>Duksilo<br \/>Fj\u00f6ssystems duksilo f\u00f6r inomhusbruk, levereras komplett med tillf\u00f6rselr\u00f6r, galvaniserat stativ \/ ram och tapplucka. Det \u00e4r enkelt att ansluta en skruvbox till silon s\u00e5 att du kan automatisera systemet. Vi har duksilo i 6m\u1d4c-25m\u1d4c. Duksilo med stativ levereras omonterad men \u00e4r l\u00e4tt att montera.<\/p>\n<p>[\/et_pb_text][\/et_pb_column][\/et_pb_row][et_pb_row _builder_version=&#8221;4.9.2&#8243; _module_preset=&#8221;default&#8221;][et_pb_column type=&#8221;4_4&#8243; _builder_version=&#8221;4.9.2&#8243; _module_preset=&#8221;default&#8221;][et_pb_gallery gallery_ids=&#8221;325,323&#8243; fullwidth=&#8221;on&#8221; _builder_version=&#8221;4.9.6&#8243; _module_preset=&#8221;default&#8221; pagination_text_color=&#8221;#FFFFFF&#8221; background_layout=&#8221;dark&#8221; max_width=&#8221;66%&#8221; max_width_tablet=&#8221;80%&#8221; max_width_phone=&#8221;95%&#8221; max_width_last_edited=&#8221;on|phone&#8221; module_alignment=&#8221;center&#8221; animation_style=&#8221;zoom&#8221; border_radii=&#8221;on|2px|2px|2px|2px&#8221;][\/et_pb_gallery][\/et_pb_column][\/et_pb_row][\/et_pb_section]<\/p>\n","protected":false},"excerpt":{"rendered":"<p>KraftfodersilosFodersilos f\u00f6r dina behovI modern djurproduktion finns det ett behov av att anv\u00e4nda olika typer av foder\u00a0 f\u00f6r att uppn\u00e5 b\u00e4sta produktionsresultat. Detta kr\u00e4ver vanligtvis att du har tv\u00e5 eller flera fodersilos p\u00e5 g\u00e5rden. Fj\u00f6ssystem har b\u00e5de silos i duk och glasfiber i olika storlekar- med kort leveranstid. St\u00e5lsilo kan levereras p\u00e5 best\u00e4llning.Silos av glasfiberFj\u00f6ssystems [&hellip;]<\/p>\n","protected":false},"author":1,"featured_media":0,"parent":0,"menu_order":0,"comment_status":"closed","ping_status":"closed","template":"","meta":{"_et_pb_use_builder":"on","_et_pb_old_content":"","_et_gb_content_width":"","footnotes":""},"class_list":["post-85","page","type-page","status-publish","hentry"],"_links":{"self":[{"href":"https:\/\/www.fjossystem.se\/index.php?rest_route=\/wp\/v2\/pages\/85","targetHints":{"allow":["GET"]}}],"collection":[{"href":"https:\/\/www.fjossystem.se\/index.php?rest_route=\/wp\/v2\/pages"}],"about":[{"href":"https:\/\/www.fjossystem.se\/index.php?rest_route=\/wp\/v2\/types\/page"}],"author":[{"embeddable":true,"href":"https:\/\/www.fjossystem.se\/index.php?rest_route=\/wp\/v2\/users\/1"}],"replies":[{"embeddable":true,"href":"https:\/\/www.fjossystem.se\/index.php?rest_route=%2Fwp%2Fv2%2Fcomments&post=85"}],"version-history":[{"count":0,"href":"https:\/\/www.fjossystem.se\/index.php?rest_route=\/wp\/v2\/pages\/85\/revisions"}],"wp:attachment":[{"href":"https:\/\/www.fjossystem.se\/index.php?rest_route=%2Fwp%2Fv2%2Fmedia&parent=85"}],"curies":[{"name":"wp","href":"https:\/\/api.w.org\/{rel}","templated":true}]}}