{"id":727,"date":"2024-03-13T14:09:55","date_gmt":"2024-03-13T13:09:55","guid":{"rendered":"https:\/\/www.fjossystem.se\/?page_id=727"},"modified":"2024-03-13T14:13:46","modified_gmt":"2024-03-13T13:13:46","slug":"727-2","status":"publish","type":"page","link":"https:\/\/www.fjossystem.se\/?page_id=727","title":{"rendered":"B\u00e5ghallar"},"content":{"rendered":"<p>[et_pb_section fb_built=&#8221;1&#8243; _builder_version=&#8221;4.16&#8243; _module_preset=&#8221;default&#8221; global_colors_info=&#8221;{}&#8221;][et_pb_row _builder_version=&#8221;4.24.2&#8243; _module_preset=&#8221;default&#8221; global_colors_info=&#8221;{}&#8221;][et_pb_column type=&#8221;4_4&#8243; _builder_version=&#8221;4.16&#8243; _module_preset=&#8221;default&#8221; global_colors_info=&#8221;{}&#8221;][et_pb_text _builder_version=&#8221;4.24.0&#8243; _module_preset=&#8221;default&#8221; custom_margin=&#8221;||8px||false|false&#8221; animation_style=&#8221;slide&#8221; animation_direction=&#8221;left&#8221; global_colors_info=&#8221;{}&#8221;]<\/p>\n<h1 class=\"py-lg-3\" style=\"text-align: center;\">B\u00e5ghallar<\/h1>\n<p>[\/et_pb_text][\/et_pb_column][\/et_pb_row][et_pb_row _builder_version=&#8221;4.24.0&#8243; _module_preset=&#8221;default&#8221; global_colors_info=&#8221;{}&#8221;][et_pb_column type=&#8221;4_4&#8243; _builder_version=&#8221;4.24.0&#8243; _module_preset=&#8221;default&#8221; global_colors_info=&#8221;{}&#8221;][et_pb_text _builder_version=&#8221;4.24.0&#8243; _module_preset=&#8221;default&#8221; global_colors_info=&#8221;{}&#8221;]<\/p>\n<p><span>B\u00e5ghall standard kan levereras b\u00e5de som station\u00e4r eller flyttbar med pallgafflar, B\u00e5ghall XL er en station\u00e4r modell och anv\u00e4ndaromr\u00e5det ut\u00f6kas, tex med m\u00f6jlghet f\u00f6r att anv\u00e4nda som garage eller f\u00f6rvaring att saker som beh\u00f6ver st\u00e5 skyddat fr\u00e5n v\u00e4derlek.<\/span>\u00a0<\/p>\n<p>&nbsp;<\/p>\n<p>[\/et_pb_text][\/et_pb_column][\/et_pb_row][et_pb_row _builder_version=&#8221;4.24.0&#8243; _module_preset=&#8221;default&#8221; global_colors_info=&#8221;{}&#8221;][et_pb_column type=&#8221;4_4&#8243; _builder_version=&#8221;4.24.0&#8243; _module_preset=&#8221;default&#8221; global_colors_info=&#8221;{}&#8221;][et_pb_image src=&#8221;https:\/\/www.fjossystem.se\/wp-content\/uploads\/2024\/03\/mfr_0509-4-rod-scaled-e1702306922936.jpg&#8221; title_text=&#8221;mfr_0509-4-rod-scaled-e1702306922936&#8243; align=&#8221;center&#8221; _builder_version=&#8221;4.24.2&#8243; _module_preset=&#8221;default&#8221; global_colors_info=&#8221;{}&#8221;][\/et_pb_image][\/et_pb_column][\/et_pb_row][et_pb_row _builder_version=&#8221;4.24.0&#8243; _module_preset=&#8221;default&#8221; global_colors_info=&#8221;{}&#8221;][et_pb_column type=&#8221;4_4&#8243; _builder_version=&#8221;4.24.0&#8243; _module_preset=&#8221;default&#8221; global_colors_info=&#8221;{}&#8221;][et_pb_text _builder_version=&#8221;4.24.0&#8243; _module_preset=&#8221;default&#8221; global_colors_info=&#8221;{}&#8221;]<\/p>\n<p>M\u00e5tt B\u00e5ghall standard:<\/p>\n<ul>\n<li>L\u00e4ngd: 5500 mm<\/li>\n<li>Bredd: 4400 mm<\/li>\n<li>H\u00f6jd: 3300 mm<\/li>\n<li>Vikt: 650 kg<\/li>\n<li>Port: 2000 x 2500 mm (B\/H)<\/li>\n<\/ul>\n<p>M\u00e5tt B\u00e5hall XL:<\/p>\n<ul>\n<li>L\u00e4ngd: 8000 mm<\/li>\n<li>Bredd: 4100 mm<\/li>\n<li>H\u00f6jd: 4300 mm<\/li>\n<li>Vikt: 950 kg<\/li>\n<li>Port: 2700 x 3500 mm (B\/H)<\/li>\n<\/ul>\n<p>B\u00e5hallen levereras komplett med kraftiga varmgalvaniserade bottensektioner,\u00a0<\/p>\n<p>Levereras med komplett bultsats. Levereras omonterad.<\/p>\n<p>0,6 mm. kraftig pl\u00e5tprofil.<\/p>\n<p>Pl\u00e5ten \u00e4r b\u00e5de varmgalvaniserad och lackad, vilket ger ett kraftigt skydd mot korrosion.<\/p>\n<p>B\u00e5ghallen \u00e4r enkel att montera. Med tv\u00e5 personer \u00e4r hallen monterad och klar f\u00f6r anv\u00e4ndning inom en dag.<\/p>\n<p>B\u00e5ghallen kan levereras i tre utv\u00e4ndiga f\u00e4rger: r\u00f6d, gr\u00e5 eller m\u00f6rkgr\u00f6n. Inv\u00e4ndig f\u00e4rg \u00e4r vit. .<\/p>\n<p>B\u00e5da modellerna kan f\u00f6rl\u00e4ngas med sektioner p\u00e5 1300 mm.<\/p>\n<p><span><\/span><\/p>\n<p><span><\/span><\/p>\n<p>[\/et_pb_text][\/et_pb_column][\/et_pb_row][et_pb_row _builder_version=&#8221;4.24.0&#8243; _module_preset=&#8221;default&#8221; global_colors_info=&#8221;{}&#8221;][et_pb_column type=&#8221;4_4&#8243; _builder_version=&#8221;4.24.0&#8243; _module_preset=&#8221;default&#8221; global_colors_info=&#8221;{}&#8221;][et_pb_gallery gallery_ids=&#8221;731,732,733,734,735,736&#8243; fullwidth=&#8221;on&#8221; _builder_version=&#8221;4.24.2&#8243; _module_preset=&#8221;default&#8221; global_colors_info=&#8221;{}&#8221;][\/et_pb_gallery][et_pb_text _builder_version=&#8221;4.24.0&#8243; _module_preset=&#8221;default&#8221; global_colors_info=&#8221;{}&#8221;][\/et_pb_text][\/et_pb_column][\/et_pb_row][et_pb_row _builder_version=&#8221;4.24.0&#8243; _module_preset=&#8221;default&#8221; global_colors_info=&#8221;{}&#8221;][et_pb_column type=&#8221;4_4&#8243; _builder_version=&#8221;4.24.0&#8243; _module_preset=&#8221;default&#8221; global_colors_info=&#8221;{}&#8221;][\/et_pb_column][\/et_pb_row][\/et_pb_section]<\/p>\n","protected":false},"excerpt":{"rendered":"<p>B\u00e5ghallarB\u00e5ghall standard kan levereras b\u00e5de som station\u00e4r eller flyttbar med pallgafflar, B\u00e5ghall XL er en station\u00e4r modell och anv\u00e4ndaromr\u00e5det ut\u00f6kas, tex med m\u00f6jlghet f\u00f6r att anv\u00e4nda som garage eller f\u00f6rvaring att saker som beh\u00f6ver st\u00e5 skyddat fr\u00e5n v\u00e4derlek.\u00a0 &nbsp;M\u00e5tt B\u00e5ghall standard: L\u00e4ngd: 5500 mm Bredd: 4400 mm H\u00f6jd: 3300 mm Vikt: 650 kg Port: 2000 [&hellip;]<\/p>\n","protected":false},"author":2,"featured_media":0,"parent":0,"menu_order":0,"comment_status":"closed","ping_status":"closed","template":"","meta":{"_et_pb_use_builder":"on","_et_pb_old_content":"","_et_gb_content_width":"","footnotes":""},"class_list":["post-727","page","type-page","status-publish","hentry"],"_links":{"self":[{"href":"https:\/\/www.fjossystem.se\/index.php?rest_route=\/wp\/v2\/pages\/727","targetHints":{"allow":["GET"]}}],"collection":[{"href":"https:\/\/www.fjossystem.se\/index.php?rest_route=\/wp\/v2\/pages"}],"about":[{"href":"https:\/\/www.fjossystem.se\/index.php?rest_route=\/wp\/v2\/types\/page"}],"author":[{"embeddable":true,"href":"https:\/\/www.fjossystem.se\/index.php?rest_route=\/wp\/v2\/users\/2"}],"replies":[{"embeddable":true,"href":"https:\/\/www.fjossystem.se\/index.php?rest_route=%2Fwp%2Fv2%2Fcomments&post=727"}],"version-history":[{"count":4,"href":"https:\/\/www.fjossystem.se\/index.php?rest_route=\/wp\/v2\/pages\/727\/revisions"}],"predecessor-version":[{"id":741,"href":"https:\/\/www.fjossystem.se\/index.php?rest_route=\/wp\/v2\/pages\/727\/revisions\/741"}],"wp:attachment":[{"href":"https:\/\/www.fjossystem.se\/index.php?rest_route=%2Fwp%2Fv2%2Fmedia&parent=727"}],"curies":[{"name":"wp","href":"https:\/\/api.w.org\/{rel}","templated":true}]}}