{"id":597,"date":"2023-11-22T09:09:23","date_gmt":"2023-11-22T08:09:23","guid":{"rendered":"https:\/\/www.fjossystem.se\/?page_id=597"},"modified":"2023-11-22T16:29:52","modified_gmt":"2023-11-22T15:29:52","slug":"bogserade-fullfodervagnar","status":"publish","type":"page","link":"https:\/\/www.fjossystem.se\/?page_id=597","title":{"rendered":"Bogserade Fullfodervagnar"},"content":{"rendered":"<p>[et_pb_section fb_built=&#8221;1&#8243; _builder_version=&#8221;4.23.1&#8243; _module_preset=&#8221;default&#8221; global_colors_info=&#8221;{}&#8221;][et_pb_row _builder_version=&#8221;4.16&#8243; _module_preset=&#8221;default&#8221; global_colors_info=&#8221;{}&#8221;][et_pb_column type=&#8221;4_4&#8243; _builder_version=&#8221;4.16&#8243; _module_preset=&#8221;default&#8221; global_colors_info=&#8221;{}&#8221;][et_pb_text _builder_version=&#8221;4.16&#8243; _module_preset=&#8221;default&#8221; custom_margin=&#8221;||8px||false|false&#8221; animation_style=&#8221;slide&#8221; animation_direction=&#8221;left&#8221; global_colors_info=&#8221;{}&#8221;]<\/p>\n<h1><span>Bogserade fullfodervagnar<\/span><\/h1>\n<p>[\/et_pb_text][et_pb_divider color=&#8221;#8a1802&#8243; divider_weight=&#8221;2px&#8221; _builder_version=&#8221;4.16&#8243; _module_preset=&#8221;default&#8221; width=&#8221;24%&#8221; custom_margin=&#8221;0px||||false|false&#8221; custom_padding=&#8221;0px||||false|false&#8221; global_colors_info=&#8221;{}&#8221;][\/et_pb_divider][\/et_pb_column][\/et_pb_row][et_pb_row column_structure=&#8221;3_5,2_5&#8243; _builder_version=&#8221;4.16&#8243; _module_preset=&#8221;default&#8221; global_colors_info=&#8221;{}&#8221;][et_pb_column type=&#8221;3_5&#8243; _builder_version=&#8221;4.16&#8243; _module_preset=&#8221;default&#8221; global_colors_info=&#8221;{}&#8221;][et_pb_video src=&#8221;https:\/\/youtu.be\/nGwLRs4Nqd0&#8243; _builder_version=&#8221;4.23.1&#8243; _module_preset=&#8221;default&#8221; global_colors_info=&#8221;{}&#8221;][\/et_pb_video][\/et_pb_column][et_pb_column type=&#8221;2_5&#8243; _builder_version=&#8221;4.16&#8243; _module_preset=&#8221;default&#8221; global_colors_info=&#8221;{}&#8221;][et_pb_text _builder_version=&#8221;4.23.1&#8243; _module_preset=&#8221;default&#8221; animation_style=&#8221;slide&#8221; animation_direction=&#8221;right&#8221; global_colors_info=&#8221;{}&#8221;]<\/p>\n<h2><strong>Bogserade fullfodervagnar<\/strong><\/h2>\n<p>[\/et_pb_text][et_pb_text _builder_version=&#8221;4.16&#8243; _module_preset=&#8221;default&#8221; animation_style=&#8221;slide&#8221; animation_direction=&#8221;bottom&#8221; global_colors_info=&#8221;{}&#8221;]<\/p>\n<p><span>Vi erbjuder nu fullfoderblandare fr\u00e5n BvL. Tyska Bvl har mer \u00e4n 30 \u00e5rs erfarenhet av fullfoderblandare och har ett stort sortiment av mycket h\u00f6g kvalitet.<\/span><\/p>\n<p><span>Allt fler uppt\u00e4cker f\u00f6rdelarna med en fullfoderblandare. Med en fullfoderblandare kan du f\u00f6rb\u00e4ttra utfodringseffektiviteten genom att blanda olika fodermedel.<br \/><\/span><span style=\"font-size: 16px;\">Du kan ocks\u00e5 uppn\u00e5 en j\u00e4mnare och mer balanserad utfodring \u00f6ver hela \u00e5ret, genom att kunna blanda olika grovfodertyper.<\/span><\/p>\n<p>[\/et_pb_text][\/et_pb_column][\/et_pb_row][et_pb_row _builder_version=&#8221;4.16&#8243; _module_preset=&#8221;default&#8221; global_colors_info=&#8221;{}&#8221;][et_pb_column type=&#8221;4_4&#8243; _builder_version=&#8221;4.16&#8243; _module_preset=&#8221;default&#8221; global_colors_info=&#8221;{}&#8221;][et_pb_text _builder_version=&#8221;4.16&#8243; _module_preset=&#8221;default&#8221; animation_style=&#8221;slide&#8221; animation_direction=&#8221;bottom&#8221; global_colors_info=&#8221;{}&#8221;]<\/p>\n<p><span>Fj\u00f6ssystems BvL V-Mix fullfoderblandare har vertikala mixerskruvar. Dessa \u00e4r mycket effektiva p\u00e5 rundbalar och klarar \u00e4ven frusna balar.\u00a0<br \/><\/span><span>Modellutbudet str\u00e4cker sig fr\u00e5n 1 till 3 skruvar och 6m3 till 46m3 volym.<\/span><\/p>\n<p><span>BvL mixern kan levereras med reduktionsv\u00e4xell\u00e5da om s\u00e5 \u00f6nskas.<\/span><\/p>\n<p><span><br \/><\/span><span><strong>Standardutrustning p\u00e5 alla modeller<\/strong><br \/>\u2022 Mekanisk \u00f6ppning av EDS utfodringslucka<br \/>\u2022 Mekaniska motst\u00e5l i blandaren<br \/>\u2022 H\u00e4rdade l\u00e5nga knivar<br \/>\u2022 F\u00f6nster i blandkaret<br \/>\u2022 Manuell justering av elevator<br \/>\u2022 inspektionsstege<br \/>\u2022 8mm pl\u00e5t i v\u00e4gg<br \/>\u2022 20mm pl\u00e5t i botten<br \/>\u2022 15mm kraftskruv med HARDOX skrapskena.<br \/><\/span><\/p>\n<p><span><strong>Exempel p\u00e5 tillval<\/strong><br \/>\u2022 Rostfria v\u00e4ggar 300 och 750mm<br \/>\u2022 Elevator 1800-2250mm l\u00e5ng.<br \/>\u2022 Tv\u00e4relevator<br \/>\u2022 Styrpl\u00e5tar<br \/>\u2022 Kameror, med valfri placering.<br \/>\u2022 Magnet<br \/>\u2022 Programerbar v\u00e5g f\u00f6r uppf\u00f6ljning och recept.<br \/>\u2022 P\u00e5fyllningr\u00f6r f\u00f6r v\u00e4tskor<br \/>\u2022 Extra v\u00e5gdisplay, f\u00f6r t.ex. placering i lastmaskin.<\/span><\/p>\n<p>[\/et_pb_text][\/et_pb_column][\/et_pb_row][et_pb_row _builder_version=&#8221;4.16&#8243; _module_preset=&#8221;default&#8221; global_colors_info=&#8221;{}&#8221;][et_pb_column type=&#8221;4_4&#8243; _builder_version=&#8221;4.16&#8243; _module_preset=&#8221;default&#8221; global_colors_info=&#8221;{}&#8221;][et_pb_video src=&#8221;https:\/\/youtu.be\/ZEoSoFSEqAk&#8221; _builder_version=&#8221;4.23.1&#8243; _module_preset=&#8221;default&#8221; global_colors_info=&#8221;{}&#8221;][\/et_pb_video][\/et_pb_column][\/et_pb_row][\/et_pb_section][et_pb_section fb_built=&#8221;1&#8243; _builder_version=&#8221;4.23.1&#8243; _module_preset=&#8221;default&#8221; global_colors_info=&#8221;{}&#8221;][\/et_pb_section]<\/p>\n","protected":false},"excerpt":{"rendered":"<p>Bogserade fullfodervagnarBogserade fullfodervagnarVi erbjuder nu fullfoderblandare fr\u00e5n BvL. Tyska Bvl har mer \u00e4n 30 \u00e5rs erfarenhet av fullfoderblandare och har ett stort sortiment av mycket h\u00f6g kvalitet. Allt fler uppt\u00e4cker f\u00f6rdelarna med en fullfoderblandare. Med en fullfoderblandare kan du f\u00f6rb\u00e4ttra utfodringseffektiviteten genom att blanda olika fodermedel.Du kan ocks\u00e5 uppn\u00e5 en j\u00e4mnare och mer balanserad utfodring [&hellip;]<\/p>\n","protected":false},"author":2,"featured_media":0,"parent":0,"menu_order":0,"comment_status":"closed","ping_status":"closed","template":"","meta":{"_et_pb_use_builder":"on","_et_pb_old_content":"","_et_gb_content_width":"","footnotes":""},"class_list":["post-597","page","type-page","status-publish","hentry"],"_links":{"self":[{"href":"https:\/\/www.fjossystem.se\/index.php?rest_route=\/wp\/v2\/pages\/597","targetHints":{"allow":["GET"]}}],"collection":[{"href":"https:\/\/www.fjossystem.se\/index.php?rest_route=\/wp\/v2\/pages"}],"about":[{"href":"https:\/\/www.fjossystem.se\/index.php?rest_route=\/wp\/v2\/types\/page"}],"author":[{"embeddable":true,"href":"https:\/\/www.fjossystem.se\/index.php?rest_route=\/wp\/v2\/users\/2"}],"replies":[{"embeddable":true,"href":"https:\/\/www.fjossystem.se\/index.php?rest_route=%2Fwp%2Fv2%2Fcomments&post=597"}],"version-history":[{"count":7,"href":"https:\/\/www.fjossystem.se\/index.php?rest_route=\/wp\/v2\/pages\/597\/revisions"}],"predecessor-version":[{"id":630,"href":"https:\/\/www.fjossystem.se\/index.php?rest_route=\/wp\/v2\/pages\/597\/revisions\/630"}],"wp:attachment":[{"href":"https:\/\/www.fjossystem.se\/index.php?rest_route=%2Fwp%2Fv2%2Fmedia&parent=597"}],"curies":[{"name":"wp","href":"https:\/\/api.w.org\/{rel}","templated":true}]}}