{"id":267,"date":"2021-06-14T10:19:07","date_gmt":"2021-06-14T08:19:07","guid":{"rendered":"https:\/\/fjos.sinomedia.se\/?page_id=267"},"modified":"2021-06-14T10:19:07","modified_gmt":"2021-06-14T08:19:07","slug":"lantbruksbyggnader-lager-och-industribyggnader","status":"publish","type":"page","link":"https:\/\/www.fjossystem.se\/?page_id=267","title":{"rendered":"Lantbruksbyggnader, lager och industribyggnader"},"content":{"rendered":"<p>[et_pb_section fb_built=&#8221;1&#8243; _builder_version=&#8221;4.9.2&#8243; _module_preset=&#8221;default&#8221;][et_pb_row _builder_version=&#8221;4.9.2&#8243; _module_preset=&#8221;default&#8221;][et_pb_column type=&#8221;4_4&#8243; _builder_version=&#8221;4.9.2&#8243; _module_preset=&#8221;default&#8221;][et_pb_text _builder_version=&#8221;4.9.6&#8243; _module_preset=&#8221;default&#8221; custom_margin=&#8221;||8px||false|false&#8221; animation_style=&#8221;slide&#8221; animation_direction=&#8221;left&#8221;]<\/p>\n<h1><span>Lantbruk, lager och Industrihallar<\/span><\/h1>\n<p>[\/et_pb_text][et_pb_divider color=&#8221;#8a1802&#8243; divider_weight=&#8221;2px&#8221; _builder_version=&#8221;4.9.2&#8243; _module_preset=&#8221;default&#8221; width=&#8221;24%&#8221; custom_margin=&#8221;0px||||false|false&#8221; custom_padding=&#8221;0px||||false|false&#8221;][\/et_pb_divider][\/et_pb_column][\/et_pb_row][et_pb_row column_structure=&#8221;3_5,2_5&#8243; _builder_version=&#8221;4.9.2&#8243; _module_preset=&#8221;default&#8221;][et_pb_column type=&#8221;3_5&#8243; _builder_version=&#8221;4.9.2&#8243; _module_preset=&#8221;default&#8221;][et_pb_image src=&#8221;http:\/\/www.fjossystem.se\/wp-content\/uploads\/2021\/06\/Bild-22-Lager-etc-extra-bild-om-behovs.jpg&#8221; title_text=&#8221;Bild 22, Lager etc extra bild om beh\u00f6vs&#8221; _builder_version=&#8221;4.9.6&#8243; _module_preset=&#8221;default&#8221; border_radii=&#8221;on|2px|2px|2px|2px&#8221;][\/et_pb_image][\/et_pb_column][et_pb_column type=&#8221;2_5&#8243; _builder_version=&#8221;4.9.2&#8243; _module_preset=&#8221;default&#8221;][et_pb_text _builder_version=&#8221;4.9.6&#8243; _module_preset=&#8221;default&#8221; animation_style=&#8221;slide&#8221; animation_direction=&#8221;right&#8221;]<\/p>\n<h2><strong>Stor flexibilitet och kort process<\/strong><\/h2>\n<p>[\/et_pb_text][et_pb_text _builder_version=&#8221;4.9.6&#8243; _module_preset=&#8221;default&#8221; animation_style=&#8221;slide&#8221; animation_direction=&#8221;bottom&#8221; hover_enabled=&#8221;0&#8243; sticky_enabled=&#8221;0&#8243;]<\/p>\n<p><span>Vi levererar alla typer av lagerhallar, maskinhallar och industrihallar, b\u00e5de isolerade och oisolerade. Vi projekterar och bygger alla typer av stallbyggnader till lantbruket. Skr\u00e4ddarsy ditt stall tillsammans med Fj\u00f6ssystem Bygg. <\/span><\/p>\n<p>[\/et_pb_text][\/et_pb_column][\/et_pb_row][et_pb_row _builder_version=&#8221;4.9.2&#8243; _module_preset=&#8221;default&#8221;][et_pb_column type=&#8221;4_4&#8243; _builder_version=&#8221;4.9.2&#8243; _module_preset=&#8221;default&#8221;][et_pb_text _builder_version=&#8221;4.9.6&#8243; _module_preset=&#8221;default&#8221; animation_style=&#8221;slide&#8221; animation_direction=&#8221;bottom&#8221;]<\/p>\n<p><span>Vi anv\u00e4nder alltid st\u00e5l till den b\u00e4rande konstruktionen, detta ger en stor flexibilitet b\u00e5de i utformning och anv\u00e4ndning av byggnaden men inte minst ger det en kort byggprocess. Med en st\u00e5lkonstruktion s\u00e5 s\u00e4kerst\u00e4lls l\u00e5ng livstid och en stabil och trygg konstruktion som t\u00e5l alla typer av v\u00e4der. <\/span><\/p>\n<p><span>Vi erbjuder skr\u00e4ddarsydda l\u00f6sningar till fast pris. V\u00e5ra hallar har en kostnadseffektiv konstruktion med h\u00f6g utnyttjande grad. Den utv\u00e4ndiga fasaden anpassas efter kundens behov och anv\u00e4ndningsomr\u00e5de. V\u00e4lj bland tr\u00e4, pl\u00e5t, isolerade sandwichelement, massiva tr\u00e4element eller betongelement. Utformningen och dimensioneringen av konstruktionen g\u00f6r vi tillsammans med v\u00e5ra samarbetspartners som \u00e4r dem allra b\u00e4sta i branschen. <\/span><\/p>\n<p><span>Du som kund kan d\u00e5 k\u00e4nna dig trygg att du f\u00e5r en konstruktion som \u00e4r dimensionerad efter dem f\u00f6rh\u00e5llande lokala kraven som finns hos dig. <\/span><\/p>\n<p><span>Vi har kompletta byggl\u00f6sningar till lantbruket och industrin.<\/span><\/p>\n<p>[\/et_pb_text][\/et_pb_column][\/et_pb_row][\/et_pb_section]<\/p>\n","protected":false},"excerpt":{"rendered":"<p>Lantbruk, lager och IndustrihallarStor flexibilitet och kort processVi levererar alla typer av lagerhallar, maskinhallar och industrihallar, b\u00e5de isolerade och oisolerade. Vi projekterar och bygger alla typer av stallbyggnader till lantbruket. Skr\u00e4ddarsy ditt stall tillsammans med Fj\u00f6ssystem Bygg. Vi anv\u00e4nder alltid st\u00e5l till den b\u00e4rande konstruktionen, detta ger en stor flexibilitet b\u00e5de i utformning och anv\u00e4ndning [&hellip;]<\/p>\n","protected":false},"author":1,"featured_media":0,"parent":0,"menu_order":0,"comment_status":"closed","ping_status":"closed","template":"","meta":{"_et_pb_use_builder":"on","_et_pb_old_content":"","_et_gb_content_width":"","footnotes":""},"class_list":["post-267","page","type-page","status-publish","hentry"],"_links":{"self":[{"href":"https:\/\/www.fjossystem.se\/index.php?rest_route=\/wp\/v2\/pages\/267","targetHints":{"allow":["GET"]}}],"collection":[{"href":"https:\/\/www.fjossystem.se\/index.php?rest_route=\/wp\/v2\/pages"}],"about":[{"href":"https:\/\/www.fjossystem.se\/index.php?rest_route=\/wp\/v2\/types\/page"}],"author":[{"embeddable":true,"href":"https:\/\/www.fjossystem.se\/index.php?rest_route=\/wp\/v2\/users\/1"}],"replies":[{"embeddable":true,"href":"https:\/\/www.fjossystem.se\/index.php?rest_route=%2Fwp%2Fv2%2Fcomments&post=267"}],"version-history":[{"count":0,"href":"https:\/\/www.fjossystem.se\/index.php?rest_route=\/wp\/v2\/pages\/267\/revisions"}],"wp:attachment":[{"href":"https:\/\/www.fjossystem.se\/index.php?rest_route=%2Fwp%2Fv2%2Fmedia&parent=267"}],"curies":[{"name":"wp","href":"https:\/\/api.w.org\/{rel}","templated":true}]}}