{"id":198,"date":"2021-05-10T16:31:59","date_gmt":"2021-05-10T14:31:59","guid":{"rendered":"https:\/\/fjos.sinomedia.se\/?page_id=198"},"modified":"2021-05-10T16:31:59","modified_gmt":"2021-05-10T14:31:59","slug":"secco-iso-cell-naturlig-ventilation","status":"publish","type":"page","link":"https:\/\/www.fjossystem.se\/?page_id=198","title":{"rendered":"Balrivare"},"content":{"rendered":"<p>[et_pb_section fb_built=&#8221;1&#8243; _builder_version=&#8221;4.9.2&#8243; _module_preset=&#8221;default&#8221;][et_pb_row _builder_version=&#8221;4.9.2&#8243; _module_preset=&#8221;default&#8221;][et_pb_column type=&#8221;4_4&#8243; _builder_version=&#8221;4.9.2&#8243; _module_preset=&#8221;default&#8221;][et_pb_text _builder_version=&#8221;4.9.4&#8243; _module_preset=&#8221;default&#8221; custom_margin=&#8221;||8px||false|false&#8221; animation_style=&#8221;slide&#8221; animation_direction=&#8221;left&#8221;]<\/p>\n<h1><span>Balrivare<\/span><\/h1>\n<p>[\/et_pb_text][et_pb_divider color=&#8221;#8a1802&#8243; divider_weight=&#8221;2px&#8221; _builder_version=&#8221;4.9.2&#8243; _module_preset=&#8221;default&#8221; width=&#8221;24%&#8221; custom_margin=&#8221;0px||||false|false&#8221; custom_padding=&#8221;0px||||false|false&#8221;][\/et_pb_divider][\/et_pb_column][\/et_pb_row][et_pb_row column_structure=&#8221;3_5,2_5&#8243; _builder_version=&#8221;4.9.2&#8243; _module_preset=&#8221;default&#8221;][et_pb_column type=&#8221;3_5&#8243; _builder_version=&#8221;4.9.2&#8243; _module_preset=&#8221;default&#8221;][et_pb_image src=&#8221;http:\/\/www.fjossystem.se\/wp-content\/uploads\/2021\/06\/ba1b7eb9b8ad142948e3b9dce300b4c6-1110&#215;549-1.jpg&#8221; title_text=&#8221;ba1b7eb9b8ad142948e3b9dce300b4c6-1110&#215;549&#8243; _builder_version=&#8221;4.9.6&#8243; _module_preset=&#8221;default&#8221; border_radii=&#8221;on|2px|2px|2px|2px&#8221;][\/et_pb_image][\/et_pb_column][et_pb_column type=&#8221;2_5&#8243; _builder_version=&#8221;4.9.2&#8243; _module_preset=&#8221;default&#8221;][et_pb_text _builder_version=&#8221;4.9.6&#8243; _module_preset=&#8221;default&#8221; animation_style=&#8221;slide&#8221; animation_direction=&#8221;right&#8221; hover_enabled=&#8221;0&#8243; sticky_enabled=&#8221;0&#8243;]<\/p>\n<h2><strong>Unik balrivare &#8211; f\u00f6r en effektiv utfodring<\/strong><\/h2>\n<p>[\/et_pb_text][et_pb_text _builder_version=&#8221;4.9.6&#8243; _module_preset=&#8221;default&#8221; animation_style=&#8221;slide&#8221; animation_direction=&#8221;bottom&#8221; hover_enabled=&#8221;0&#8243; sticky_enabled=&#8221;0&#8243;]<\/p>\n<p><span>Den Station\u00e4ra Exact feeder fr\u00e5n Serigstad, har unika egenskaper f\u00f6r rivning av alla typer av grovfoder. <\/span><\/p>\n<p><span>Exact feeder har tv\u00e5 rivtrummor fram som roterar i samma riktning. Rivtrumman inneh\u00e5ller knivar som finhackar fodret. Det unika med Exact Feeder \u00e4r att den stegvis matar in fodret. <\/span><\/p>\n<p><span>Detta, tillsammans med str\u00f6m\u00f6vervakningen, ger ett j\u00e4mnt fl\u00f6de av fodret mot rivtrumman.<\/span><\/p>\n<p>[\/et_pb_text][\/et_pb_column][\/et_pb_row][et_pb_row _builder_version=&#8221;4.9.2&#8243; _module_preset=&#8221;default&#8221;][et_pb_column type=&#8221;4_4&#8243; _builder_version=&#8221;4.9.2&#8243; _module_preset=&#8221;default&#8221;][et_pb_text _builder_version=&#8221;4.9.6&#8243; _module_preset=&#8221;default&#8221; animation_style=&#8221;slide&#8221; animation_direction=&#8221;bottom&#8221; hover_enabled=&#8221;0&#8243; sticky_enabled=&#8221;0&#8243;]<\/p>\n<p><span>Resultatet \u00e4r en j\u00e4mn utfodringsm\u00e4ngd av grovfodret, vilket \u00e4r s\u00e4rskilt viktigt om du ska anv\u00e4nda tex en bandfoderf\u00f6rdelare till att distribuera fodret.<\/span><\/p>\n<p><span>Exact feeder kan anv\u00e4ndas f\u00f6r alla typer av grovfoder, inklusive frysta rundbalar<\/span><\/p>\n<p><span>Exactfeeder levereras ocks\u00e5 med ett integrerat och automatiskt magasin f\u00f6r lagring av rundbalar &#8211; och f\u00f6r automatisk inmatning av fodret till riv trumman.<\/span><\/p>\n<p><span><strong>Appstyring<\/strong><br \/>Du kan nu ladda ner en app f\u00f6r att styra Exactfeedern fr\u00e5n mobiltelefon eller surfplatta.<br \/><\/span><\/p>\n<p><span>Kontakta oss f\u00f6r att diskutera utfodring!<\/span><\/p>\n<p>[\/et_pb_text][\/et_pb_column][\/et_pb_row][\/et_pb_section]<\/p>\n","protected":false},"excerpt":{"rendered":"<p>BalrivareUnik balrivare &#8211; f\u00f6r en effektiv utfodringDen Station\u00e4ra Exact feeder fr\u00e5n Serigstad, har unika egenskaper f\u00f6r rivning av alla typer av grovfoder. Exact feeder har tv\u00e5 rivtrummor fram som roterar i samma riktning. Rivtrumman inneh\u00e5ller knivar som finhackar fodret. Det unika med Exact Feeder \u00e4r att den stegvis matar in fodret. Detta, tillsammans med str\u00f6m\u00f6vervakningen, [&hellip;]<\/p>\n","protected":false},"author":1,"featured_media":0,"parent":0,"menu_order":0,"comment_status":"closed","ping_status":"closed","template":"","meta":{"_et_pb_use_builder":"on","_et_pb_old_content":"","_et_gb_content_width":"","footnotes":""},"class_list":["post-198","page","type-page","status-publish","hentry"],"_links":{"self":[{"href":"https:\/\/www.fjossystem.se\/index.php?rest_route=\/wp\/v2\/pages\/198","targetHints":{"allow":["GET"]}}],"collection":[{"href":"https:\/\/www.fjossystem.se\/index.php?rest_route=\/wp\/v2\/pages"}],"about":[{"href":"https:\/\/www.fjossystem.se\/index.php?rest_route=\/wp\/v2\/types\/page"}],"author":[{"embeddable":true,"href":"https:\/\/www.fjossystem.se\/index.php?rest_route=\/wp\/v2\/users\/1"}],"replies":[{"embeddable":true,"href":"https:\/\/www.fjossystem.se\/index.php?rest_route=%2Fwp%2Fv2%2Fcomments&post=198"}],"version-history":[{"count":0,"href":"https:\/\/www.fjossystem.se\/index.php?rest_route=\/wp\/v2\/pages\/198\/revisions"}],"wp:attachment":[{"href":"https:\/\/www.fjossystem.se\/index.php?rest_route=%2Fwp%2Fv2%2Fmedia&parent=198"}],"curies":[{"name":"wp","href":"https:\/\/api.w.org\/{rel}","templated":true}]}}