{"id":193,"date":"2021-05-10T16:23:51","date_gmt":"2021-05-10T14:23:51","guid":{"rendered":"https:\/\/fjos.sinomedia.se\/?page_id=193"},"modified":"2021-05-10T16:23:51","modified_gmt":"2021-05-10T14:23:51","slug":"reservkraftverk","status":"publish","type":"page","link":"https:\/\/www.fjossystem.se\/?page_id=193","title":{"rendered":"Reservkraftverk"},"content":{"rendered":"<p>[et_pb_section fb_built=&#8221;1&#8243; _builder_version=&#8221;4.9.2&#8243; _module_preset=&#8221;default&#8221;][et_pb_row _builder_version=&#8221;4.9.2&#8243; _module_preset=&#8221;default&#8221;][et_pb_column type=&#8221;4_4&#8243; _builder_version=&#8221;4.9.2&#8243; _module_preset=&#8221;default&#8221;][et_pb_text _builder_version=&#8221;4.9.4&#8243; _module_preset=&#8221;default&#8221; custom_margin=&#8221;||8px||false|false&#8221; animation_style=&#8221;slide&#8221; animation_direction=&#8221;left&#8221;]<\/p>\n<h1><span>Reservkraftverk<\/span><\/h1>\n<p>[\/et_pb_text][et_pb_divider color=&#8221;#8a1802&#8243; divider_weight=&#8221;2px&#8221; _builder_version=&#8221;4.9.2&#8243; _module_preset=&#8221;default&#8221; width=&#8221;24%&#8221; custom_margin=&#8221;0px||||false|false&#8221; custom_padding=&#8221;0px||||false|false&#8221;][\/et_pb_divider][\/et_pb_column][\/et_pb_row][et_pb_row column_structure=&#8221;3_5,2_5&#8243; _builder_version=&#8221;4.9.2&#8243; _module_preset=&#8221;default&#8221;][et_pb_column type=&#8221;3_5&#8243; _builder_version=&#8221;4.9.2&#8243; _module_preset=&#8221;default&#8221;][et_pb_image src=&#8221;http:\/\/www.fjossystem.se\/wp-content\/uploads\/2021\/05\/reservkraft.jpg&#8221; title_text=&#8221;reservkraft&#8221; _builder_version=&#8221;4.9.4&#8243; _module_preset=&#8221;default&#8221; border_radii=&#8221;on|2px|2px|2px|2px&#8221;][\/et_pb_image][\/et_pb_column][et_pb_column type=&#8221;2_5&#8243; _builder_version=&#8221;4.9.2&#8243; _module_preset=&#8221;default&#8221;][et_pb_text _builder_version=&#8221;4.9.4&#8243; _module_preset=&#8221;default&#8221; animation_style=&#8221;slide&#8221; animation_direction=&#8221;right&#8221;]<\/p>\n<h2><strong>Reservkraftverk fr\u00e5n Zordan<\/strong><\/h2>\n<p>[\/et_pb_text][et_pb_text _builder_version=&#8221;4.9.4&#8243; _module_preset=&#8221;default&#8221; animation_style=&#8221;slide&#8221; animation_direction=&#8221;bottom&#8221;]<\/p>\n<p><span>Fj\u00f6ssystem kan nu erbjuda ett reservkraftverk fr\u00e5n Zordan med en kapacitet att driva en normalstor n\u00f6tkreaturbes\u00e4ttning, tv\u00e5 hush\u00e5ll och resten av g\u00e5rden.<\/span><\/p>\n<p>[\/et_pb_text][\/et_pb_column][\/et_pb_row][et_pb_row _builder_version=&#8221;4.9.2&#8243; _module_preset=&#8221;default&#8221;][et_pb_column type=&#8221;4_4&#8243; _builder_version=&#8221;4.9.2&#8243; _module_preset=&#8221;default&#8221;][et_pb_text _builder_version=&#8221;4.9.4&#8243; _module_preset=&#8221;default&#8221; animation_style=&#8221;slide&#8221; animation_direction=&#8221;bottom&#8221;]<\/p>\n<p><span>Reservkraftverket tar automatiskt \u00f6ver str\u00f6mf\u00f6rs\u00f6rjningen vid str\u00f6mavbrott.<\/span><\/p>\n<p><span>Den har en l\u00e5ng h\u00e5llbarhet med extra s\u00e4kringar mot rekyl, \u00e4r v\u00e4l ljudisolerat (58 db) och programmerbara med anv\u00e4ndarv\u00e4nliga menyer. Den mobila enheten \u00e4r ocks\u00e5 utm\u00e4rkt f\u00f6r g\u00e5rdsdrift. Underh\u00e5llet av reservkraftverket \u00e4r enkelt. \u00d6verg\u00e5ngar, kontakter och kablar ing\u00e5r.<br \/><\/span><\/p>\n<p><span>De helautomatiska och manuella reservkraftverken fr\u00e5n Fj\u00f6ssystem levereras i b\u00e5de 3-fas 230-version och 3-fas 400-version.\u00a0Alla reservkraftverk tillverkas och testas enligt ISO 9001.<br \/><\/span><\/p>\n<p><span><strong>Helt isolerat reservkraftverk<\/strong><br \/>\u2022 Finns i storlekar fr\u00e5n 6,5 kVA till 1100 kVA.<br \/>\u2022 Kan levereras manuellt eller helautomatiskt.<br \/>\u2022 230 Volt 3-fas och 400 Volt 3-fas.<br \/><\/span><\/p>\n<p><span><strong>Oisolerat reservkraftverk<\/strong><br \/>\u2022 Avsedd f\u00f6r inomhusbruk, IP23.<br \/>\u2022 Finns i storlekar fr\u00e5n 6,5 kVA till 1100 kVA.<br \/>\u2022 Kan levereras manuellt eller helautomatiskt.<br \/>\u2022 230 Volt 3-fas och 400 Volt 3-fas.<br \/><\/span><\/p>\n<p><span><strong>Reservkraftverk f\u00f6r traktor<\/strong><br \/>\u2022 Finns i storlekar fr\u00e5n 10 kVA till 135 kVA.<br \/>\u2022 230 Volt 3-fas och 400 Volt 3-fas.<\/span><\/p>\n<p>[\/et_pb_text][\/et_pb_column][\/et_pb_row][\/et_pb_section]<\/p>\n","protected":false},"excerpt":{"rendered":"<p>ReservkraftverkReservkraftverk fr\u00e5n ZordanFj\u00f6ssystem kan nu erbjuda ett reservkraftverk fr\u00e5n Zordan med en kapacitet att driva en normalstor n\u00f6tkreaturbes\u00e4ttning, tv\u00e5 hush\u00e5ll och resten av g\u00e5rden.Reservkraftverket tar automatiskt \u00f6ver str\u00f6mf\u00f6rs\u00f6rjningen vid str\u00f6mavbrott. Den har en l\u00e5ng h\u00e5llbarhet med extra s\u00e4kringar mot rekyl, \u00e4r v\u00e4l ljudisolerat (58 db) och programmerbara med anv\u00e4ndarv\u00e4nliga menyer. Den mobila enheten \u00e4r ocks\u00e5 [&hellip;]<\/p>\n","protected":false},"author":1,"featured_media":0,"parent":0,"menu_order":0,"comment_status":"closed","ping_status":"closed","template":"","meta":{"_et_pb_use_builder":"on","_et_pb_old_content":"","_et_gb_content_width":"","footnotes":""},"class_list":["post-193","page","type-page","status-publish","hentry"],"_links":{"self":[{"href":"https:\/\/www.fjossystem.se\/index.php?rest_route=\/wp\/v2\/pages\/193","targetHints":{"allow":["GET"]}}],"collection":[{"href":"https:\/\/www.fjossystem.se\/index.php?rest_route=\/wp\/v2\/pages"}],"about":[{"href":"https:\/\/www.fjossystem.se\/index.php?rest_route=\/wp\/v2\/types\/page"}],"author":[{"embeddable":true,"href":"https:\/\/www.fjossystem.se\/index.php?rest_route=\/wp\/v2\/users\/1"}],"replies":[{"embeddable":true,"href":"https:\/\/www.fjossystem.se\/index.php?rest_route=%2Fwp%2Fv2%2Fcomments&post=193"}],"version-history":[{"count":0,"href":"https:\/\/www.fjossystem.se\/index.php?rest_route=\/wp\/v2\/pages\/193\/revisions"}],"wp:attachment":[{"href":"https:\/\/www.fjossystem.se\/index.php?rest_route=%2Fwp%2Fv2%2Fmedia&parent=193"}],"curies":[{"name":"wp","href":"https:\/\/api.w.org\/{rel}","templated":true}]}}