{"id":171,"date":"2021-05-10T15:54:44","date_gmt":"2021-05-10T13:54:44","guid":{"rendered":"https:\/\/fjos.sinomedia.se\/?page_id=171"},"modified":"2023-11-21T19:51:48","modified_gmt":"2023-11-21T18:51:48","slug":"wopas-plaststolpar","status":"publish","type":"page","link":"https:\/\/www.fjossystem.se\/?page_id=171","title":{"rendered":"Wopas plaststolpar"},"content":{"rendered":"<p>[et_pb_section fb_built=&#8221;1&#8243; _builder_version=&#8221;4.16&#8243; _module_preset=&#8221;default&#8221; global_colors_info=&#8221;{}&#8221;][et_pb_row _builder_version=&#8221;4.16&#8243; _module_preset=&#8221;default&#8221; global_colors_info=&#8221;{}&#8221;][et_pb_column type=&#8221;4_4&#8243; _builder_version=&#8221;4.16&#8243; _module_preset=&#8221;default&#8221; global_colors_info=&#8221;{}&#8221;][et_pb_text _builder_version=&#8221;4.16&#8243; _module_preset=&#8221;default&#8221; custom_margin=&#8221;||8px||false|false&#8221; animation_style=&#8221;slide&#8221; animation_direction=&#8221;left&#8221; global_colors_info=&#8221;{}&#8221;]<\/p>\n<h1><span>Wopas plaststolpar<\/span><\/h1>\n<p>[\/et_pb_text][et_pb_divider color=&#8221;#8a1802&#8243; divider_weight=&#8221;2px&#8221; _builder_version=&#8221;4.16&#8243; _module_preset=&#8221;default&#8221; width=&#8221;24%&#8221; custom_margin=&#8221;0px||||false|false&#8221; custom_padding=&#8221;0px||||false|false&#8221; global_colors_info=&#8221;{}&#8221;][\/et_pb_divider][\/et_pb_column][\/et_pb_row][et_pb_row column_structure=&#8221;3_5,2_5&#8243; _builder_version=&#8221;4.16&#8243; _module_preset=&#8221;default&#8221; global_colors_info=&#8221;{}&#8221;][et_pb_column type=&#8221;3_5&#8243; _builder_version=&#8221;4.16&#8243; _module_preset=&#8221;default&#8221; global_colors_info=&#8221;{}&#8221;][et_pb_gallery _builder_version=&#8221;4.23.1&#8243; _module_preset=&#8221;default&#8221; gallery_ids=&#8221;50,579&#8243; fullwidth=&#8221;on&#8221; hover_enabled=&#8221;0&#8243; sticky_enabled=&#8221;0&#8243;][\/et_pb_gallery][\/et_pb_column][et_pb_column type=&#8221;2_5&#8243; _builder_version=&#8221;4.16&#8243; _module_preset=&#8221;default&#8221; global_colors_info=&#8221;{}&#8221;][et_pb_text _builder_version=&#8221;4.16&#8243; _module_preset=&#8221;default&#8221; animation_style=&#8221;slide&#8221; animation_direction=&#8221;right&#8221; global_colors_info=&#8221;{}&#8221;]<\/p>\n<h2><strong>Wopas plaststolpar<\/strong><\/h2>\n<p>[\/et_pb_text][et_pb_text _builder_version=&#8221;4.16&#8243; _module_preset=&#8221;default&#8221; animation_style=&#8221;slide&#8221; animation_direction=&#8221;bottom&#8221; global_colors_info=&#8221;{}&#8221;]<\/p>\n<p><span>H\u00e4r \u00e4r stolpen som l\u00f6ser problemet med rost!<br \/><\/span><\/p>\n<p><span>Tillsammans med Wopas i Hallingdal har vi utvecklat en stolpe som l\u00f6ser problemet med skador orsakade av korrosion i ladug\u00e5rdar.<\/span><\/p>\n<p>[\/et_pb_text][\/et_pb_column][\/et_pb_row][et_pb_row _builder_version=&#8221;4.16&#8243; _module_preset=&#8221;default&#8221; global_colors_info=&#8221;{}&#8221;][et_pb_column type=&#8221;4_4&#8243; _builder_version=&#8221;4.16&#8243; _module_preset=&#8221;default&#8221; global_colors_info=&#8221;{}&#8221;][et_pb_text _builder_version=&#8221;4.16&#8243; _module_preset=&#8221;default&#8221; animation_style=&#8221;slide&#8221; animation_direction=&#8221;bottom&#8221; global_colors_info=&#8221;{}&#8221;]<\/p>\n<p><span>N\u00e4r stolpen anv\u00e4nds i inredningen blir den &#8221;bort-isolerad&#8221; fr\u00e5n resterande byggnad.<\/span><\/p>\n<p>Stolpen har testats i ladug\u00e5rdar under en l\u00e4ngre tid och uppfyller v\u00e5ra f\u00f6rv\u00e4ntningar. Stolpen har en k\u00e4rna av torkat tr\u00e4 och ett h\u00f6lje av tv\u00e5 lager PE-plast. N\u00e4r stolpen anv\u00e4nds i inredningen blir den &#8221;bort-isolerad&#8221; fr\u00e5n resterande byggnad.. Problemet med att inredningar rostar \u00e4r d\u00e5 l\u00f6st i och med denna stolpe. Stolpen levereras i flera l\u00e4ngder och \u00e4r lika solid som en st\u00e5lstolpe.<\/p>\n<p>[\/et_pb_text][\/et_pb_column][\/et_pb_row][et_pb_row _builder_version=&#8221;4.23.1&#8243; _module_preset=&#8221;default&#8221;][et_pb_column _builder_version=&#8221;4.23.1&#8243; _module_preset=&#8221;default&#8221; type=&#8221;4_4&#8243;][et_pb_video src=&#8221;https:\/\/www.youtube.com\/watch?v=T9v1kF94Zbg&#038;t=107s&#8221; _builder_version=&#8221;4.23.1&#8243; _module_preset=&#8221;default&#8221; hover_enabled=&#8221;0&#8243; sticky_enabled=&#8221;0&#8243;][\/et_pb_video][\/et_pb_column][\/et_pb_row][\/et_pb_section]<\/p>\n","protected":false},"excerpt":{"rendered":"<p>Wopas plaststolparWopas plaststolparH\u00e4r \u00e4r stolpen som l\u00f6ser problemet med rost! Tillsammans med Wopas i Hallingdal har vi utvecklat en stolpe som l\u00f6ser problemet med skador orsakade av korrosion i ladug\u00e5rdar.N\u00e4r stolpen anv\u00e4nds i inredningen blir den &#8221;bort-isolerad&#8221; fr\u00e5n resterande byggnad. Stolpen har testats i ladug\u00e5rdar under en l\u00e4ngre tid och uppfyller v\u00e5ra f\u00f6rv\u00e4ntningar. Stolpen har [&hellip;]<\/p>\n","protected":false},"author":1,"featured_media":0,"parent":0,"menu_order":0,"comment_status":"closed","ping_status":"closed","template":"","meta":{"_et_pb_use_builder":"on","_et_pb_old_content":"","_et_gb_content_width":"","footnotes":""},"class_list":["post-171","page","type-page","status-publish","hentry"],"_links":{"self":[{"href":"https:\/\/www.fjossystem.se\/index.php?rest_route=\/wp\/v2\/pages\/171","targetHints":{"allow":["GET"]}}],"collection":[{"href":"https:\/\/www.fjossystem.se\/index.php?rest_route=\/wp\/v2\/pages"}],"about":[{"href":"https:\/\/www.fjossystem.se\/index.php?rest_route=\/wp\/v2\/types\/page"}],"author":[{"embeddable":true,"href":"https:\/\/www.fjossystem.se\/index.php?rest_route=\/wp\/v2\/users\/1"}],"replies":[{"embeddable":true,"href":"https:\/\/www.fjossystem.se\/index.php?rest_route=%2Fwp%2Fv2%2Fcomments&post=171"}],"version-history":[{"count":1,"href":"https:\/\/www.fjossystem.se\/index.php?rest_route=\/wp\/v2\/pages\/171\/revisions"}],"predecessor-version":[{"id":581,"href":"https:\/\/www.fjossystem.se\/index.php?rest_route=\/wp\/v2\/pages\/171\/revisions\/581"}],"wp:attachment":[{"href":"https:\/\/www.fjossystem.se\/index.php?rest_route=%2Fwp%2Fv2%2Fmedia&parent=171"}],"curies":[{"name":"wp","href":"https:\/\/api.w.org\/{rel}","templated":true}]}}