{"id":162,"date":"2021-05-10T15:41:42","date_gmt":"2021-05-10T13:41:42","guid":{"rendered":"https:\/\/fjos.sinomedia.se\/?page_id=162"},"modified":"2023-11-21T19:39:30","modified_gmt":"2023-11-21T18:39:30","slug":"madrasser","status":"publish","type":"page","link":"https:\/\/www.fjossystem.se\/?page_id=162","title":{"rendered":"Madrasser"},"content":{"rendered":"<p>[et_pb_section fb_built=&#8221;1&#8243; _builder_version=&#8221;4.16&#8243; _module_preset=&#8221;default&#8221; global_colors_info=&#8221;{}&#8221;][et_pb_row _builder_version=&#8221;4.23.1&#8243; _module_preset=&#8221;default&#8221; custom_margin=&#8221;|auto||900px||&#8221; global_colors_info=&#8221;{}&#8221;][et_pb_column type=&#8221;4_4&#8243; _builder_version=&#8221;4.16&#8243; _module_preset=&#8221;default&#8221; global_colors_info=&#8221;{}&#8221;][et_pb_text _builder_version=&#8221;4.16&#8243; _module_preset=&#8221;default&#8221; custom_margin=&#8221;||8px||false|false&#8221; animation_style=&#8221;slide&#8221; animation_direction=&#8221;left&#8221; global_colors_info=&#8221;{}&#8221;]<\/p>\n<h1><span>Liggb\u00e5smadrasser<\/span><\/h1>\n<p>[\/et_pb_text][et_pb_divider color=&#8221;#8a1802&#8243; divider_weight=&#8221;2px&#8221; _builder_version=&#8221;4.16&#8243; _module_preset=&#8221;default&#8221; width=&#8221;24%&#8221; custom_margin=&#8221;0px||||false|false&#8221; custom_padding=&#8221;0px||||false|false&#8221; global_colors_info=&#8221;{}&#8221;][\/et_pb_divider][\/et_pb_column][\/et_pb_row][et_pb_row column_structure=&#8221;3_5,2_5&#8243; _builder_version=&#8221;4.16&#8243; _module_preset=&#8221;default&#8221; custom_margin=&#8221;|405px||auto||&#8221; global_colors_info=&#8221;{}&#8221;][et_pb_column type=&#8221;3_5&#8243; _builder_version=&#8221;4.16&#8243; _module_preset=&#8221;default&#8221; global_colors_info=&#8221;{}&#8221;][et_pb_image src=&#8221;https:\/\/www.fjossystem.se\/wp-content\/uploads\/2021\/06\/Ulf-Gullin_-Sweden-1-002.jpeg&#8221; title_text=&#8221;Ulf Gullin_ Sweden (1) (002)&#8221; _builder_version=&#8221;4.16&#8243; _module_preset=&#8221;default&#8221; border_radii=&#8221;on|2px|2px|2px|2px&#8221; global_colors_info=&#8221;{}&#8221;][\/et_pb_image][\/et_pb_column][et_pb_column type=&#8221;2_5&#8243; _builder_version=&#8221;4.16&#8243; _module_preset=&#8221;default&#8221; global_colors_info=&#8221;{}&#8221;][et_pb_text _builder_version=&#8221;4.23.1&#8243; _module_preset=&#8221;default&#8221; animation_style=&#8221;slide&#8221; animation_direction=&#8221;right&#8221; global_colors_info=&#8221;{}&#8221;]<\/p>\n<h1><strong>Promat Liggb\u00e5smadrass<\/strong><\/h1>\n<p>[\/et_pb_text][et_pb_text _builder_version=&#8221;4.23.1&#8243; _module_preset=&#8221;default&#8221; animation_style=&#8221;slide&#8221; animation_direction=&#8221;bottom&#8221; global_colors_info=&#8221;{}&#8221;]<\/p>\n<p>Promats Pasture Mat \u00e4r framtagen f\u00f6r att efterlikna komforten hos en naturlig betesmark.<\/p>\n<p>Bottenmadrassen best\u00e5r av en 50 mm tjock kanalsydd madrass som \u00e4r fylld av gummigranulat. Ovanp\u00e5 detta l\u00e4ggs ett extra komfortlager som kan f\u00e5s 20,30 eller 40mm tjockt. Detta avslutas sedan med en toppduk som anpassas efter djurkategori och kundens \u00f6nskem\u00e5l.<\/p>\n<p>I framkant kan Promats egna bogst\u00f6d monteras f\u00f6r extra djurv\u00e4lv\u00e4rd.<\/p>\n<p>[\/et_pb_text][\/et_pb_column][\/et_pb_row][et_pb_row _builder_version=&#8221;4.23.1&#8243; _module_preset=&#8221;default&#8221; width=&#8221;97.6%&#8221; custom_padding=&#8221;|||0px||&#8221; global_colors_info=&#8221;{}&#8221;][et_pb_column type=&#8221;4_4&#8243; _builder_version=&#8221;4.23.1&#8243; _module_preset=&#8221;default&#8221; global_colors_info=&#8221;{}&#8221;][et_pb_divider color=&#8221;#E02B20&#8243; _builder_version=&#8221;4.23.1&#8243; _module_preset=&#8221;default&#8221; global_colors_info=&#8221;{}&#8221;][\/et_pb_divider][\/et_pb_column][\/et_pb_row][et_pb_row column_structure=&#8221;1_2,1_2&#8243; _builder_version=&#8221;4.23.1&#8243; _module_preset=&#8221;default&#8221; global_colors_info=&#8221;{}&#8221;][et_pb_column type=&#8221;1_2&#8243; _builder_version=&#8221;4.23.1&#8243; _module_preset=&#8221;default&#8221; global_colors_info=&#8221;{}&#8221;][et_pb_image src=&#8221;https:\/\/www.fjossystem.se\/wp-content\/uploads\/2023\/11\/Elkins4.jpg&#8221; title_text=&#8221;Elkins+(4)&#8221; align=&#8221;right&#8221; _builder_version=&#8221;4.23.1&#8243; _module_preset=&#8221;default&#8221; width=&#8221;123%&#8221; custom_margin=&#8221;|-115px||||&#8221; custom_padding=&#8221;|0px|0px|0px||&#8221; filter_saturate=&#8221;104%&#8221; filter_brightness=&#8221;104%&#8221; filter_contrast=&#8221;144%&#8221; global_colors_info=&#8221;{}&#8221;][\/et_pb_image][\/et_pb_column][et_pb_column type=&#8221;1_2&#8243; _builder_version=&#8221;4.23.1&#8243; _module_preset=&#8221;default&#8221; global_colors_info=&#8221;{}&#8221;][et_pb_text _builder_version=&#8221;4.23.1&#8243; _module_preset=&#8221;default&#8221; custom_padding=&#8221;|||114px||&#8221; global_colors_info=&#8221;{}&#8221;]<\/p>\n<h1><strong>DCC Waterbed<\/strong><\/h1>\n<p>[\/et_pb_text][et_pb_text _builder_version=&#8221;4.23.1&#8243; _module_preset=&#8221;default&#8221; custom_padding=&#8221;|||119px||&#8221; global_colors_info=&#8221;{}&#8221;]<\/p>\n<p>DCC Waterbed g\u00f6r att kon &#8221;flyter&#8221; p\u00e5 madrassen, vilket g\u00f6r att djurets vikt blir j\u00e4mnt f\u00f6rdelad. Detta minimierar risken f\u00f6r tryckskador p\u00e5 hasor mm.<\/p>\n<p>Vattenmadrassen har tv\u00e5 separata kammare, en fr\u00e4mre och en bakre &#8211; detta f\u00f6r att vattnet ska vara kvar och agera st\u00f6td\u00e4mpande f\u00f6r kn\u00e4na p\u00e5 kon n\u00e4r hon l\u00e4gger sig ner.<\/p>\n<p>Tack vare dess utformningen h\u00e5ller madrasserna sig torra, d\u00e5 eventuell v\u00e4tska rinner av i bakkant. Vilket minskar smittrycket och risken f\u00f6r mastit.<\/p>\n<p>Denna madrass g\u00e5r ocks\u00e5 att f\u00e5 med ett extra lager av 40mm foam under madrassen, f\u00f6r extra komfort.<\/p>\n<p>[\/et_pb_text][\/et_pb_column][\/et_pb_row][et_pb_row _builder_version=&#8221;4.16&#8243; _module_preset=&#8221;default&#8221; global_colors_info=&#8221;{}&#8221;][et_pb_column type=&#8221;4_4&#8243; _builder_version=&#8221;4.16&#8243; _module_preset=&#8221;default&#8221; global_colors_info=&#8221;{}&#8221;][\/et_pb_column][\/et_pb_row][\/et_pb_section]<\/p>\n","protected":false},"excerpt":{"rendered":"<p>Liggb\u00e5smadrasserPromat Liggb\u00e5smadrassPromats Pasture Mat \u00e4r framtagen f\u00f6r att efterlikna komforten hos en naturlig betesmark. Bottenmadrassen best\u00e5r av en 50 mm tjock kanalsydd madrass som \u00e4r fylld av gummigranulat. Ovanp\u00e5 detta l\u00e4ggs ett extra komfortlager som kan f\u00e5s 20,30 eller 40mm tjockt. Detta avslutas sedan med en toppduk som anpassas efter djurkategori och kundens \u00f6nskem\u00e5l. I [&hellip;]<\/p>\n","protected":false},"author":1,"featured_media":0,"parent":0,"menu_order":0,"comment_status":"closed","ping_status":"closed","template":"","meta":{"_et_pb_use_builder":"on","_et_pb_old_content":"","_et_gb_content_width":"","footnotes":""},"class_list":["post-162","page","type-page","status-publish","hentry"],"_links":{"self":[{"href":"https:\/\/www.fjossystem.se\/index.php?rest_route=\/wp\/v2\/pages\/162","targetHints":{"allow":["GET"]}}],"collection":[{"href":"https:\/\/www.fjossystem.se\/index.php?rest_route=\/wp\/v2\/pages"}],"about":[{"href":"https:\/\/www.fjossystem.se\/index.php?rest_route=\/wp\/v2\/types\/page"}],"author":[{"embeddable":true,"href":"https:\/\/www.fjossystem.se\/index.php?rest_route=\/wp\/v2\/users\/1"}],"replies":[{"embeddable":true,"href":"https:\/\/www.fjossystem.se\/index.php?rest_route=%2Fwp%2Fv2%2Fcomments&post=162"}],"version-history":[{"count":6,"href":"https:\/\/www.fjossystem.se\/index.php?rest_route=\/wp\/v2\/pages\/162\/revisions"}],"predecessor-version":[{"id":573,"href":"https:\/\/www.fjossystem.se\/index.php?rest_route=\/wp\/v2\/pages\/162\/revisions\/573"}],"wp:attachment":[{"href":"https:\/\/www.fjossystem.se\/index.php?rest_route=%2Fwp%2Fv2%2Fmedia&parent=162"}],"curies":[{"name":"wp","href":"https:\/\/api.w.org\/{rel}","templated":true}]}}