{"id":157,"date":"2021-05-10T15:33:30","date_gmt":"2021-05-10T13:33:30","guid":{"rendered":"https:\/\/fjos.sinomedia.se\/?page_id=157"},"modified":"2024-02-10T11:14:44","modified_gmt":"2024-02-10T10:14:44","slug":"gummimattor-golv-liggbas","status":"publish","type":"page","link":"https:\/\/www.fjossystem.se\/?page_id=157","title":{"rendered":"Gummimattor golv &#038; liggb\u00e5s"},"content":{"rendered":"<p>[et_pb_section fb_built=&#8221;1&#8243; _builder_version=&#8221;4.16&#8243; _module_preset=&#8221;default&#8221; global_colors_info=&#8221;{}&#8221;][et_pb_row _builder_version=&#8221;4.16&#8243; _module_preset=&#8221;default&#8221; global_colors_info=&#8221;{}&#8221;][et_pb_column type=&#8221;4_4&#8243; _builder_version=&#8221;4.16&#8243; _module_preset=&#8221;default&#8221; global_colors_info=&#8221;{}&#8221;][et_pb_text _builder_version=&#8221;4.16&#8243; _module_preset=&#8221;default&#8221; custom_margin=&#8221;||8px||false|false&#8221; animation_style=&#8221;slide&#8221; animation_direction=&#8221;left&#8221; global_colors_info=&#8221;{}&#8221;]<\/p>\n<h1><span>Gummimattor golv &#038; liggb\u00e5s<\/span><\/h1>\n<p>[\/et_pb_text][et_pb_divider color=&#8221;#8a1802&#8243; divider_weight=&#8221;2px&#8221; _builder_version=&#8221;4.16&#8243; _module_preset=&#8221;default&#8221; width=&#8221;24%&#8221; custom_margin=&#8221;0px||||false|false&#8221; custom_padding=&#8221;0px||||false|false&#8221; global_colors_info=&#8221;{}&#8221;][\/et_pb_divider][\/et_pb_column][\/et_pb_row][et_pb_row _builder_version=&#8221;4.23.1&#8243; _module_preset=&#8221;default&#8221; global_colors_info=&#8221;{}&#8221;][et_pb_column type=&#8221;4_4&#8243; _builder_version=&#8221;4.23.1&#8243; _module_preset=&#8221;default&#8221; global_colors_info=&#8221;{}&#8221;][et_pb_text _builder_version=&#8221;4.23.1&#8243; _module_preset=&#8221;default&#8221; global_colors_info=&#8221;{}&#8221;]<\/p>\n<h2><strong>Liggb\u00e5smattor f\u00f6r n\u00f6tkreatur<\/strong><\/h2>\n<p><span>Liggmattorna \u00e4r robusta och har en h\u00f6g mjukhet. Mattorna har l\u00e5ng livsl\u00e4ngd, \u00e4r formstabil och utvecklade efter djurens behov.\u00a0<\/span><\/p>\n<p><span>Alla liggmattor har integrerade lutningar och pusselanslutningar som s\u00e4kerst\u00e4ller korrekt liggposition.\u00a0<\/span><\/p>\n<p>[\/et_pb_text][\/et_pb_column][\/et_pb_row][et_pb_row column_structure=&#8221;1_2,1_2&#8243; _builder_version=&#8221;4.23.1&#8243; _module_preset=&#8221;default&#8221; global_colors_info=&#8221;{}&#8221;][et_pb_column type=&#8221;1_2&#8243; _builder_version=&#8221;4.23.1&#8243; _module_preset=&#8221;default&#8221; global_colors_info=&#8221;{}&#8221;][et_pb_image src=&#8221;https:\/\/www.fjossystem.se\/wp-content\/uploads\/2023\/11\/kraiburg-produkte-wingflex-overview-card.webp&#8221; title_text=&#8221;kraiburg-produkte-wingflex-overview-card&#8221; _builder_version=&#8221;4.23.1&#8243; _module_preset=&#8221;default&#8221; global_colors_info=&#8221;{}&#8221;][\/et_pb_image][\/et_pb_column][et_pb_column type=&#8221;1_2&#8243; _builder_version=&#8221;4.23.1&#8243; _module_preset=&#8221;default&#8221; global_colors_info=&#8221;{}&#8221;][et_pb_text _builder_version=&#8221;4.23.1&#8243; _module_preset=&#8221;default&#8221; global_colors_info=&#8221;{}&#8221;]<\/p>\n<p><span><strong>Wingflex<\/strong><br \/>Wingflex har en speciell undersida med en vingprofil som ger mycket god mjukhet.\u00a0Denna profil inneb\u00e4r att mattorna anpassar sig optimalt till kroppsformen.\u00a0Trots detta, \u00e4r den mycket formstabil och \u00e4r varaktigt mjuk.\u00a0Vingarna s\u00e4kerst\u00e4ller att mattan r\u00e4tas ut s\u00e5 snart kon st\u00e5r upp och l\u00e4mnar liggb\u00e5set. Ytan p\u00e5 mattan \u00e4r bekv\u00e4m och hudv\u00e4nlig.<br \/><\/span><span><\/span><span>Det finns ocks\u00e5 en integrerad lutning i det bakre omr\u00e5det som g\u00f6r att ytan torkar snabbare. Matta har en avfasning i bakkant vilket skonar lederna, samt s\u00e4kerst\u00e4ller att det inte finns n\u00e5gon risk f\u00f6r kon att snubbla p\u00e5 v\u00e4gen upp i b\u00e5set.<\/span><\/p>\n<p>[\/et_pb_text][\/et_pb_column][\/et_pb_row][et_pb_row column_structure=&#8221;1_2,1_2&#8243; _builder_version=&#8221;4.23.1&#8243; _module_preset=&#8221;default&#8221; global_colors_info=&#8221;{}&#8221;][et_pb_column type=&#8221;1_2&#8243; _builder_version=&#8221;4.23.1&#8243; _module_preset=&#8221;default&#8221; global_colors_info=&#8221;{}&#8221;][et_pb_image src=&#8221;https:\/\/www.fjossystem.se\/wp-content\/uploads\/2023\/11\/kraiburg-produkte-kkm-overview-card.webp&#8221; title_text=&#8221;kraiburg-produkte-kkm-overview-card&#8221; _builder_version=&#8221;4.23.1&#8243; _module_preset=&#8221;default&#8221; global_colors_info=&#8221;{}&#8221;][\/et_pb_image][\/et_pb_column][et_pb_column type=&#8221;1_2&#8243; _builder_version=&#8221;4.23.1&#8243; _module_preset=&#8221;default&#8221; global_colors_info=&#8221;{}&#8221;][et_pb_text _builder_version=&#8221;4.23.1&#8243; _module_preset=&#8221;default&#8221; global_colors_info=&#8221;{}&#8221;]<\/p>\n<p><strong>KKM<\/strong><br \/><span><\/span><\/p>\n<p><span>KKM \u00e4r en mjuk och bekv\u00e4m liggmatta.\u00a0Den har en sexkantsprofil p\u00e5 undersidan som ger olika mjukhetszoner och ger d\u00e4rmed en utm\u00e4rkt liggkomfort.\u00a0Den \u00e4r formstabil och har en varaktig mjukhet.\u00a0Mattans yta \u00e4r bekv\u00e4m och hudv\u00e4nlig.\u00a0Det finns ocks\u00e5 en integrerad lutning i det bakre omr\u00e5det som g\u00f6r att ytan torkar snabbare.<\/span><\/p>\n<p><span>KKM finns med raka kanter, med pusselm\u00f6nster eller p\u00e5 rulle.<\/span><\/p>\n<p>[\/et_pb_text][\/et_pb_column][\/et_pb_row][et_pb_row column_structure=&#8221;1_2,1_2&#8243; _builder_version=&#8221;4.23.1&#8243; _module_preset=&#8221;default&#8221; global_colors_info=&#8221;{}&#8221;][et_pb_column type=&#8221;1_2&#8243; _builder_version=&#8221;4.23.1&#8243; _module_preset=&#8221;default&#8221; global_colors_info=&#8221;{}&#8221;][et_pb_image src=&#8221;https:\/\/www.fjossystem.se\/wp-content\/uploads\/2023\/11\/kraiburg-produkte-kim-overview-card.webp&#8221; title_text=&#8221;kraiburg-produkte-kim-overview-card&#8221; _builder_version=&#8221;4.23.1&#8243; _module_preset=&#8221;default&#8221; global_colors_info=&#8221;{}&#8221;][\/et_pb_image][\/et_pb_column][et_pb_column type=&#8221;1_2&#8243; _builder_version=&#8221;4.23.1&#8243; _module_preset=&#8221;default&#8221; global_colors_info=&#8221;{}&#8221;][et_pb_text _builder_version=&#8221;4.23.1&#8243; _module_preset=&#8221;default&#8221; global_colors_info=&#8221;{}&#8221;]<\/p>\n<p><strong>KIM<\/strong><br \/><span><\/span><\/p>\n<p><span>KIM-mattorna \u00e4r speciellt utformade f\u00f6r ungdjur.\u00a0En smidig och slitstark luftkuddeprofil ger bra liggkomfort.\u00a0Ytan \u00e4r grov, vilket g\u00f6r den halks\u00e4ker.\u00a0Montering g\u00f6rs enkelt genom att endast f\u00e4sta den i framkanten.\u00a0Dessutom kan den istalleras oavsett typ av liggb\u00e5savskiljare.<\/span><\/p>\n<p><span>En lutning i det bakre omr\u00e5det g\u00f6r att ytan torkar snabbare, samt att sj\u00e4lva kanten \u00e4r gjort f\u00f6r att minska risken f\u00f6r djuren att snubbla p\u00e5 v\u00e4gen upp i b\u00e5set.<\/span><\/p>\n<p>[\/et_pb_text][\/et_pb_column][\/et_pb_row][et_pb_row column_structure=&#8221;1_2,1_2&#8243; _builder_version=&#8221;4.23.1&#8243; _module_preset=&#8221;default&#8221; global_colors_info=&#8221;{}&#8221;][et_pb_column type=&#8221;1_2&#8243; _builder_version=&#8221;4.23.1&#8243; _module_preset=&#8221;default&#8221; global_colors_info=&#8221;{}&#8221;][et_pb_image src=&#8221;https:\/\/www.fjossystem.se\/wp-content\/uploads\/2021\/05\/mattor.jpg&#8221; title_text=&#8221;mattor&#8221; _builder_version=&#8221;4.16&#8243; _module_preset=&#8221;default&#8221; border_radii=&#8221;on|2px|2px|2px|2px&#8221; global_colors_info=&#8221;{}&#8221;][\/et_pb_image][\/et_pb_column][et_pb_column type=&#8221;1_2&#8243; _builder_version=&#8221;4.23.1&#8243; _module_preset=&#8221;default&#8221; global_colors_info=&#8221;{}&#8221;][et_pb_text _builder_version=&#8221;4.23.1&#8243; _module_preset=&#8221;default&#8221; global_colors_info=&#8221;{}&#8221;]<\/p>\n<p><strong>CALMA<\/strong><br \/><span><\/span><\/p>\n<p>Calma \u00e4r en matta som \u00e4r speciellt utformad f\u00f6r kalvar och ungdjur.\u00a0Mattan \u00e4r behagligt mjuk och har luftkuddeliknande p\u00e5 undersidan.\u00a0Den \u00e4r v\u00e4ldigt formstabil och har en varaktig mjukhet.<\/p>\n<p>Avfasningen p\u00e5 mattans bakkant \u00e4r gjort f\u00f6r att minimera risken f\u00f6r att djuren inte skall snubbla eller skadas.<\/p>\n<p>[\/et_pb_text][\/et_pb_column][\/et_pb_row][et_pb_row _builder_version=&#8221;4.23.1&#8243; _module_preset=&#8221;default&#8221; global_colors_info=&#8221;{}&#8221;][et_pb_column type=&#8221;4_4&#8243; _builder_version=&#8221;4.23.1&#8243; _module_preset=&#8221;default&#8221; global_colors_info=&#8221;{}&#8221;][et_pb_divider color=&#8221;#E02B20&#8243; _builder_version=&#8221;4.23.1&#8243; _module_preset=&#8221;default&#8221; global_colors_info=&#8221;{}&#8221;][\/et_pb_divider][\/et_pb_column][\/et_pb_row][et_pb_row _builder_version=&#8221;4.23.1&#8243; _module_preset=&#8221;default&#8221; global_colors_info=&#8221;{}&#8221;][et_pb_column type=&#8221;4_4&#8243; _builder_version=&#8221;4.23.1&#8243; _module_preset=&#8221;default&#8221; global_colors_info=&#8221;{}&#8221;][et_pb_text _builder_version=&#8221;4.23.1&#8243; _module_preset=&#8221;default&#8221; global_colors_info=&#8221;{}&#8221;]<\/p>\n<h2><strong>Gummimattor f\u00f6r skrapg\u00e5ngar<\/strong><\/h2>\n<p>[\/et_pb_text][\/et_pb_column][\/et_pb_row][et_pb_row column_structure=&#8221;1_2,1_2&#8243; _builder_version=&#8221;4.23.1&#8243; _module_preset=&#8221;default&#8221; global_colors_info=&#8221;{}&#8221;][et_pb_column type=&#8221;1_2&#8243; _builder_version=&#8221;4.23.1&#8243; _module_preset=&#8221;default&#8221; global_colors_info=&#8221;{}&#8221;][et_pb_gallery gallery_ids=&#8221;568,569&#8243; fullwidth=&#8221;on&#8221; _builder_version=&#8221;4.23.1&#8243; _module_preset=&#8221;default&#8221; global_colors_info=&#8221;{}&#8221;][\/et_pb_gallery][\/et_pb_column][et_pb_column type=&#8221;1_2&#8243; _builder_version=&#8221;4.23.1&#8243; _module_preset=&#8221;default&#8221; global_colors_info=&#8221;{}&#8221;][et_pb_text _builder_version=&#8221;4.23.1&#8243; _module_preset=&#8221;default&#8221; global_colors_info=&#8221;{}&#8221;]<\/p>\n<p><strong>Kura P<\/strong><\/p>\n<p>En 24mm tjock gummimatta f\u00f6r skrapg\u00e5ngar. F\u00e4st med spikplugg. Puzzelm\u00f6nster mellan mattorna. M\u00e5ttanpassas efter best\u00e4llning.<\/p>\n<p>&nbsp;<\/p>\n<p>[\/et_pb_text][\/et_pb_column][\/et_pb_row][et_pb_row column_structure=&#8221;1_2,1_2&#8243; _builder_version=&#8221;4.23.1&#8243; _module_preset=&#8221;default&#8221; global_colors_info=&#8221;{}&#8221;][et_pb_column type=&#8221;1_2&#8243; _builder_version=&#8221;4.23.1&#8243; _module_preset=&#8221;default&#8221; global_colors_info=&#8221;{}&#8221;][et_pb_gallery gallery_ids=&#8221;570,571&#8243; fullwidth=&#8221;on&#8221; _builder_version=&#8221;4.23.1&#8243; _module_preset=&#8221;default&#8221; global_colors_info=&#8221;{}&#8221;][\/et_pb_gallery][\/et_pb_column][et_pb_column type=&#8221;1_2&#8243; _builder_version=&#8221;4.23.1&#8243; _module_preset=&#8221;default&#8221; global_colors_info=&#8221;{}&#8221;][et_pb_text _builder_version=&#8221;4.23.1&#8243; _module_preset=&#8221;default&#8221; global_colors_info=&#8221;{}&#8221;]<\/p>\n<p><strong>Karera P<\/strong><\/p>\n<p>20mm tjock gummimatta f\u00f6r skrapg\u00e5ngar. F\u00e4sts med spikplugg.<br \/>Puzzelm\u00f6nster mellan mattorna. M\u00e5ttanpassas efter best\u00e4llning.<\/p>\n<p>&nbsp;<\/p>\n<p>[\/et_pb_text][\/et_pb_column][\/et_pb_row][et_pb_row _builder_version=&#8221;4.24.0&#8243; _module_preset=&#8221;default&#8221; column_structure=&#8221;1_2,1_2&#8243;][et_pb_column _builder_version=&#8221;4.24.0&#8243; _module_preset=&#8221;default&#8221; type=&#8221;1_2&#8243;][et_pb_gallery _builder_version=&#8221;4.24.0&#8243; _module_preset=&#8221;default&#8221; hover_enabled=&#8221;0&#8243; sticky_enabled=&#8221;0&#8243; gallery_ids=&#8221;722,721,720,719,718&#8243; fullwidth=&#8221;on&#8221;][\/et_pb_gallery][\/et_pb_column][et_pb_column _builder_version=&#8221;4.24.0&#8243; _module_preset=&#8221;default&#8221; type=&#8221;1_2&#8243;][et_pb_text _builder_version=&#8221;4.24.0&#8243; _module_preset=&#8221;default&#8221; hover_enabled=&#8221;0&#8243; sticky_enabled=&#8221;0&#8243;]<\/p>\n<p>ZigZag Skrapg\u00e5ngmatta<\/p>\n<p>ZigZag skrapg\u00e5ngmatta \u00e4r idealisk f\u00f6r \u00f6ppna skrapg\u00e5ngar. Den \u00e4r robust och h\u00e5ller sig torrare \u00e4n m\u00e5nga andra skrapg\u00e5ngmattor. ZigZag \u00e4r en armerad gummimatta, vilket g\u00f6r den extra h\u00e5llbar. Tack vare sin r\u00e4fflade yta h\u00e5ller sig inte bara torr, den blir dessutom halkfri, d\u00e5 korna f\u00e5r b\u00e4ttre grepp i mattan.<\/p>\n<p>ZigZag-skrapg\u00e5ngsmatta levereras p\u00e5 rulle, efter \u00f6nskv\u00e4rda m\u00e5tt, vilket g\u00f6r att installationen g\u00e5r snabbt och smidigt. Mattan f\u00e4sts med rostfria spikpluggar. Mattan \u00e4r 22mm tjock.<\/p>\n<p>[\/et_pb_text][\/et_pb_column][\/et_pb_row][et_pb_row _builder_version=&#8221;4.23.1&#8243; _module_preset=&#8221;default&#8221; global_colors_info=&#8221;{}&#8221;][et_pb_column type=&#8221;4_4&#8243; _builder_version=&#8221;4.23.1&#8243; _module_preset=&#8221;default&#8221; global_colors_info=&#8221;{}&#8221;][et_pb_divider color=&#8221;#E02B20&#8243; _builder_version=&#8221;4.23.1&#8243; _module_preset=&#8221;default&#8221; global_colors_info=&#8221;{}&#8221;][\/et_pb_divider][\/et_pb_column][\/et_pb_row][et_pb_row _builder_version=&#8221;4.16&#8243; _module_preset=&#8221;default&#8221; global_colors_info=&#8221;{}&#8221;][et_pb_column type=&#8221;4_4&#8243; _builder_version=&#8221;4.16&#8243; _module_preset=&#8221;default&#8221; global_colors_info=&#8221;{}&#8221;][et_pb_text _builder_version=&#8221;4.23.1&#8243; _module_preset=&#8221;default&#8221; global_colors_info=&#8221;{}&#8221;]<\/p>\n<h2><strong>Gummimattor f\u00f6r spalt<\/strong><\/h2>\n<p><span><\/span><\/p>\n<p>[\/et_pb_text][\/et_pb_column][\/et_pb_row][et_pb_row column_structure=&#8221;1_2,1_2&#8243; _builder_version=&#8221;4.23.1&#8243; _module_preset=&#8221;default&#8221; global_colors_info=&#8221;{}&#8221;][et_pb_column type=&#8221;1_2&#8243; _builder_version=&#8221;4.23.1&#8243; _module_preset=&#8221;default&#8221; global_colors_info=&#8221;{}&#8221;][et_pb_gallery gallery_ids=&#8221;557,558&#8243; fullwidth=&#8221;on&#8221; _builder_version=&#8221;4.23.1&#8243; _module_preset=&#8221;default&#8221; global_colors_info=&#8221;{}&#8221;][\/et_pb_gallery][\/et_pb_column][et_pb_column type=&#8221;1_2&#8243; _builder_version=&#8221;4.23.1&#8243; _module_preset=&#8221;default&#8221; global_colors_info=&#8221;{}&#8221;][et_pb_text _builder_version=&#8221;4.23.1&#8243; _module_preset=&#8221;default&#8221; global_colors_info=&#8221;{}&#8221;]<\/p>\n<p><strong>Kura S<\/strong><\/p>\n<p>Figuranpassad spaltmatta p\u00e5 24mm. Plan yta. Monteras med gummikilar.<\/p>\n<p>[\/et_pb_text][\/et_pb_column][\/et_pb_row][et_pb_row column_structure=&#8221;1_2,1_2&#8243; _builder_version=&#8221;4.23.1&#8243; _module_preset=&#8221;default&#8221; global_colors_info=&#8221;{}&#8221;][et_pb_column type=&#8221;1_2&#8243; _builder_version=&#8221;4.23.1&#8243; _module_preset=&#8221;default&#8221; global_colors_info=&#8221;{}&#8221;][et_pb_gallery gallery_ids=&#8221;559,560,561&#8243; fullwidth=&#8221;on&#8221; _builder_version=&#8221;4.23.1&#8243; _module_preset=&#8221;default&#8221; global_colors_info=&#8221;{}&#8221;][\/et_pb_gallery][\/et_pb_column][et_pb_column type=&#8221;1_2&#8243; _builder_version=&#8221;4.23.1&#8243; _module_preset=&#8221;default&#8221; global_colors_info=&#8221;{}&#8221;][et_pb_text _builder_version=&#8221;4.23.1&#8243; _module_preset=&#8221;default&#8221; global_colors_info=&#8221;{}&#8221;]<\/p>\n<p><strong>Lospa SB<\/strong><\/p>\n<p>Figuranpassad spaltmatta p\u00e5 23mm.<br \/>V\u00e4ld yta med 5% lutning mot \u00f6ppningen i spalten. Monteras med gummikilar. Anpassad f\u00f6r djur \u00f6ver 250kg.<\/p>\n<p>[\/et_pb_text][\/et_pb_column][\/et_pb_row][et_pb_row column_structure=&#8221;1_2,1_2&#8243; _builder_version=&#8221;4.23.1&#8243; _module_preset=&#8221;default&#8221; global_colors_info=&#8221;{}&#8221;][et_pb_column type=&#8221;1_2&#8243; _builder_version=&#8221;4.23.1&#8243; _module_preset=&#8221;default&#8221; global_colors_info=&#8221;{}&#8221;][et_pb_gallery gallery_ids=&#8221;562,563,564&#8243; fullwidth=&#8221;on&#8221; _builder_version=&#8221;4.23.1&#8243; _module_preset=&#8221;default&#8221; global_colors_info=&#8221;{}&#8221;][\/et_pb_gallery][\/et_pb_column][et_pb_column type=&#8221;1_2&#8243; _builder_version=&#8221;4.23.1&#8243; _module_preset=&#8221;default&#8221; global_colors_info=&#8221;{}&#8221;][et_pb_text _builder_version=&#8221;4.23.1&#8243; _module_preset=&#8221;default&#8221; global_colors_info=&#8221;{}&#8221;]<\/p>\n<p><strong>Lospa Swiss<\/strong><\/p>\n<p>Figuranpassad spaltmatta p\u00e5 20mm. Plan yta. Monteras med gummikilar. Anpassad f\u00f6r djur \u00f6ver 250kg.<\/p>\n<p>&nbsp;<\/p>\n<p>[\/et_pb_text][\/et_pb_column][\/et_pb_row][et_pb_row column_structure=&#8221;1_2,1_2&#8243; _builder_version=&#8221;4.23.1&#8243; _module_preset=&#8221;default&#8221; global_colors_info=&#8221;{}&#8221;][et_pb_column type=&#8221;1_2&#8243; _builder_version=&#8221;4.23.1&#8243; _module_preset=&#8221;default&#8221; global_colors_info=&#8221;{}&#8221;][et_pb_gallery gallery_ids=&#8221;565,566,567&#8243; fullwidth=&#8221;on&#8221; _builder_version=&#8221;4.23.1&#8243; _module_preset=&#8221;default&#8221; global_colors_info=&#8221;{}&#8221;][\/et_pb_gallery][\/et_pb_column][et_pb_column type=&#8221;1_2&#8243; _builder_version=&#8221;4.23.1&#8243; _module_preset=&#8221;default&#8221; global_colors_info=&#8221;{}&#8221;][et_pb_text _builder_version=&#8221;4.23.1&#8243; _module_preset=&#8221;default&#8221; global_colors_info=&#8221;{}&#8221;]<\/p>\n<p><strong>FS Spaltmatta<\/strong><\/p>\n<p>Spaltmatta framtagen f\u00f6r v\u00e4xande ungn\u00f6t. Extra grepp p\u00e5 matta motverkar risken f\u00f6r skador. Med integrerad kil f\u00f6r montage av matta g\u00e5r det snabbt och enkelt.<\/p>\n<p>[\/et_pb_text][\/et_pb_column][\/et_pb_row][\/et_pb_section]<\/p>\n","protected":false},"excerpt":{"rendered":"<p>Gummimattor golv &#038; liggb\u00e5sLiggb\u00e5smattor f\u00f6r n\u00f6tkreatur Liggmattorna \u00e4r robusta och har en h\u00f6g mjukhet. Mattorna har l\u00e5ng livsl\u00e4ngd, \u00e4r formstabil och utvecklade efter djurens behov.\u00a0 Alla liggmattor har integrerade lutningar och pusselanslutningar som s\u00e4kerst\u00e4ller korrekt liggposition.\u00a0WingflexWingflex har en speciell undersida med en vingprofil som ger mycket god mjukhet.\u00a0Denna profil inneb\u00e4r att mattorna anpassar sig optimalt [&hellip;]<\/p>\n","protected":false},"author":1,"featured_media":0,"parent":0,"menu_order":0,"comment_status":"closed","ping_status":"closed","template":"","meta":{"_et_pb_use_builder":"on","_et_pb_old_content":"","_et_gb_content_width":"","footnotes":""},"class_list":["post-157","page","type-page","status-publish","hentry"],"_links":{"self":[{"href":"https:\/\/www.fjossystem.se\/index.php?rest_route=\/wp\/v2\/pages\/157","targetHints":{"allow":["GET"]}}],"collection":[{"href":"https:\/\/www.fjossystem.se\/index.php?rest_route=\/wp\/v2\/pages"}],"about":[{"href":"https:\/\/www.fjossystem.se\/index.php?rest_route=\/wp\/v2\/types\/page"}],"author":[{"embeddable":true,"href":"https:\/\/www.fjossystem.se\/index.php?rest_route=\/wp\/v2\/users\/1"}],"replies":[{"embeddable":true,"href":"https:\/\/www.fjossystem.se\/index.php?rest_route=%2Fwp%2Fv2%2Fcomments&post=157"}],"version-history":[{"count":3,"href":"https:\/\/www.fjossystem.se\/index.php?rest_route=\/wp\/v2\/pages\/157\/revisions"}],"predecessor-version":[{"id":725,"href":"https:\/\/www.fjossystem.se\/index.php?rest_route=\/wp\/v2\/pages\/157\/revisions\/725"}],"wp:attachment":[{"href":"https:\/\/www.fjossystem.se\/index.php?rest_route=%2Fwp%2Fv2%2Fmedia&parent=157"}],"curies":[{"name":"wp","href":"https:\/\/api.w.org\/{rel}","templated":true}]}}