{"id":107,"date":"2021-05-10T14:28:29","date_gmt":"2021-05-10T12:28:29","guid":{"rendered":"https:\/\/fjos.sinomedia.se\/?page_id=107"},"modified":"2021-05-10T14:28:29","modified_gmt":"2021-05-10T12:28:29","slug":"mjolktank","status":"publish","type":"page","link":"https:\/\/www.fjossystem.se\/?page_id=107","title":{"rendered":"Mj\u00f6lktank"},"content":{"rendered":"<p>[et_pb_section fb_built=&#8221;1&#8243; _builder_version=&#8221;4.9.2&#8243; _module_preset=&#8221;default&#8221;][et_pb_row _builder_version=&#8221;4.9.2&#8243; _module_preset=&#8221;default&#8221;][et_pb_column type=&#8221;4_4&#8243; _builder_version=&#8221;4.9.2&#8243; _module_preset=&#8221;default&#8221;][et_pb_text _builder_version=&#8221;4.9.4&#8243; _module_preset=&#8221;default&#8221; custom_margin=&#8221;||8px||false|false&#8221; animation_style=&#8221;slide&#8221; animation_direction=&#8221;left&#8221;]<\/p>\n<h1><span>Fj\u00f6ssystems Mj\u00f6lktank<\/span><\/h1>\n<p>[\/et_pb_text][et_pb_divider color=&#8221;#8a1802&#8243; divider_weight=&#8221;2px&#8221; _builder_version=&#8221;4.9.2&#8243; _module_preset=&#8221;default&#8221; width=&#8221;24%&#8221; custom_margin=&#8221;0px||||false|false&#8221; custom_padding=&#8221;0px||||false|false&#8221;][\/et_pb_divider][\/et_pb_column][\/et_pb_row][et_pb_row column_structure=&#8221;3_5,2_5&#8243; _builder_version=&#8221;4.9.2&#8243; _module_preset=&#8221;default&#8221;][et_pb_column type=&#8221;3_5&#8243; _builder_version=&#8221;4.9.2&#8243; _module_preset=&#8221;default&#8221;][et_pb_image src=&#8221;http:\/\/www.fjossystem.se\/wp-content\/uploads\/2021\/05\/mjolktank.jpg&#8221; title_text=&#8221;mjolktank&#8221; _builder_version=&#8221;4.9.4&#8243; _module_preset=&#8221;default&#8221; border_radii=&#8221;on|2px|2px|2px|2px&#8221;][\/et_pb_image][\/et_pb_column][et_pb_column type=&#8221;2_5&#8243; _builder_version=&#8221;4.9.2&#8243; _module_preset=&#8221;default&#8221;][et_pb_text _builder_version=&#8221;4.9.4&#8243; _module_preset=&#8221;default&#8221; animation_style=&#8221;slide&#8221; animation_direction=&#8221;right&#8221;]<\/p>\n<h2><strong>S\u00e4kra kvaliteten p\u00e5 helmj\u00f6lken med Fj\u00f6ssystems mj\u00f6lktank<\/strong><\/h2>\n<p>[\/et_pb_text][et_pb_text _builder_version=&#8221;4.9.6&#8243; _module_preset=&#8221;default&#8221; animation_style=&#8221;slide&#8221; animation_direction=&#8221;bottom&#8221; hover_enabled=&#8221;0&#8243; sticky_enabled=&#8221;0&#8243;]<\/p>\n<p><span>Kalven \u00e4r utg\u00e5ngspunkten f\u00f6r produktion i en mj\u00f6lkbes\u00e4ttning, oavsett om det \u00e4r en kvigkalv eller tjurkalv.<\/span><\/p>\n<p><span>Utfodring av mj\u00f6lk med god kvalitet \u00e4r avg\u00f6rande f\u00f6r en bra tillv\u00e4xt och h\u00e4lsa hos kalvarna.\u00a0<\/span><\/p>\n<p>[\/et_pb_text][\/et_pb_column][\/et_pb_row][et_pb_row _builder_version=&#8221;4.9.2&#8243; _module_preset=&#8221;default&#8221;][et_pb_column type=&#8221;4_4&#8243; _builder_version=&#8221;4.9.2&#8243; _module_preset=&#8221;default&#8221;][et_pb_text _builder_version=&#8221;4.9.6&#8243; _module_preset=&#8221;default&#8221; animation_style=&#8221;slide&#8221; animation_direction=&#8221;bottom&#8221; hover_enabled=&#8221;0&#8243; sticky_enabled=&#8221;0&#8243;]<\/p>\n<p><span>God kvalitet uppn\u00e5s genom att begr\u00e4nsa tillv\u00e4xten av bakterier i mj\u00f6lken. M\u00e4ngden bakterier, n\u00e4r mj\u00f6lken utfodras, beror p\u00e5 hur mycket bakterier det var i mj\u00f6lken n\u00e4r den var f\u00e4rsk, hur l\u00e4nge den lagrats och lagringstemperatur. Oavsett om du utfodrar f\u00e4rsk, eller syrad mj\u00f6lk, \u00e4r snabb nedkylning och en stabil temperatur under lagringen viktigt. Bra nedkylning bibeh\u00e5ller mj\u00f6lkens kvalitet och m\u00f6jligg\u00f6r l\u00e4ngre lagringstider.<\/span><\/p>\n<p><span>Fj\u00f6ssystems mj\u00f6lktank \u00e4r tillverkad f\u00f6r optimal lagring av helmj\u00f6lk. 200-liters tanken \u00e4r tillverkad av rostfritt st\u00e5l och utrustad med ett effektivt kylaggregat f\u00f6r snabb och stabil nedkylning. Specialanpassad isolering s\u00e4krar en energisn\u00e5l drift av mj\u00f6lktanken.<\/span><\/p>\n<p><span>Mj\u00f6lktanken \u00e4r en st\u00e5ende vertikal modell, med sl\u00e4ta innerv\u00e4ggar och polerade svetsar. Tillsammans med god \u00e5tkomst via en stor \u00f6ppning p\u00e5 toppen, s\u00e4kerst\u00e4ller detta enkel reng\u00f6ring. Locket \u00e4r utrustat med starka fj\u00e4drar i rostfritt st\u00e5l f\u00f6r enkel \u00f6ppning och st\u00e4ngning, samt har en integrerad omr\u00f6rare som g\u00e5r med en hastighet p\u00e5 30 rpm. M\u00e5tt: 1030 x 890 x 990mm (LxBxH).<\/span><\/p>\n<p><span>Fj\u00f6ssystems mj\u00f6lktank \u00e4r v\u00e4l l\u00e4mpad f\u00f6r alla typer av utfodringssystem, oavsett om det \u00e4r manuell utfodring, via kalvamma eller med mj\u00f6lktransport\u00f6r.\u00a0<\/span><\/p>\n<p>[\/et_pb_text][\/et_pb_column][\/et_pb_row][\/et_pb_section]<\/p>\n","protected":false},"excerpt":{"rendered":"<p>Fj\u00f6ssystems Mj\u00f6lktankS\u00e4kra kvaliteten p\u00e5 helmj\u00f6lken med Fj\u00f6ssystems mj\u00f6lktankKalven \u00e4r utg\u00e5ngspunkten f\u00f6r produktion i en mj\u00f6lkbes\u00e4ttning, oavsett om det \u00e4r en kvigkalv eller tjurkalv. Utfodring av mj\u00f6lk med god kvalitet \u00e4r avg\u00f6rande f\u00f6r en bra tillv\u00e4xt och h\u00e4lsa hos kalvarna.\u00a0God kvalitet uppn\u00e5s genom att begr\u00e4nsa tillv\u00e4xten av bakterier i mj\u00f6lken. M\u00e4ngden bakterier, n\u00e4r mj\u00f6lken utfodras, beror [&hellip;]<\/p>\n","protected":false},"author":1,"featured_media":0,"parent":0,"menu_order":0,"comment_status":"closed","ping_status":"closed","template":"","meta":{"_et_pb_use_builder":"on","_et_pb_old_content":"","_et_gb_content_width":"","footnotes":""},"class_list":["post-107","page","type-page","status-publish","hentry"],"_links":{"self":[{"href":"https:\/\/www.fjossystem.se\/index.php?rest_route=\/wp\/v2\/pages\/107","targetHints":{"allow":["GET"]}}],"collection":[{"href":"https:\/\/www.fjossystem.se\/index.php?rest_route=\/wp\/v2\/pages"}],"about":[{"href":"https:\/\/www.fjossystem.se\/index.php?rest_route=\/wp\/v2\/types\/page"}],"author":[{"embeddable":true,"href":"https:\/\/www.fjossystem.se\/index.php?rest_route=\/wp\/v2\/users\/1"}],"replies":[{"embeddable":true,"href":"https:\/\/www.fjossystem.se\/index.php?rest_route=%2Fwp%2Fv2%2Fcomments&post=107"}],"version-history":[{"count":0,"href":"https:\/\/www.fjossystem.se\/index.php?rest_route=\/wp\/v2\/pages\/107\/revisions"}],"wp:attachment":[{"href":"https:\/\/www.fjossystem.se\/index.php?rest_route=%2Fwp%2Fv2%2Fmedia&parent=107"}],"curies":[{"name":"wp","href":"https:\/\/api.w.org\/{rel}","templated":true}]}}